{"id":69,"date":"2026-03-30T23:12:25","date_gmt":"2026-03-30T23:12:25","guid":{"rendered":"https:\/\/traigo.mercadolacancha.com\/?page_id=69"},"modified":"2026-04-06T21:53:03","modified_gmt":"2026-04-06T21:53:03","slug":"contactenos","status":"publish","type":"page","link":"https:\/\/unifranz.ejesrl.net\/traigo\/contactenos\/","title":{"rendered":"Contactenos"},"content":{"rendered":"\n<h2 class=\"wp-block-heading has-text-align-center has-accent-background-color has-background\">\u00bfTienes dudas? \u00bfQuieres hacer tu primer pedido? <\/h2>\n\n\n\n<p class=\"has-text-align-center\"><strong>Estamos aqu\u00ed para ayudarte en cada paso.<\/strong><\/p>\n\n\n\n<p><strong>Puedes escribirnos para:<\/strong><\/p>\n\n\n\n<ul class=\"wp-block-list\">\n<li>Cotizar el costo de traer un producto<br><\/li>\n\n\n\n<li>Consultar tiempos de entrega<br><\/li>\n\n\n\n<li>Recibir asesoramiento antes de comprar<br><\/li>\n\n\n\n<li>Hacer seguimiento a tu pedido<\/li>\n<\/ul>\n\n\n\n<p><strong>\ud83d\udce9 Atenci\u00f3n r\u00e1pida y personalizada<\/strong><br>Respondemos lo m\u00e1s pronto posible para que no pierdas oportunidades de compra.<\/p>\n\n\n\n<p><strong>\ud83d\udcf1 Canales de contacto:<\/strong><\/p>\n\n\n\n<p>WhatsApp: [tu n\u00famero]<br>Instagram: [@tuusuario]<br>Email: [tu correo]<\/p>\n\n\n\n<p>En Traigo, no solo traemos productos, te acompa\u00f1amos en todo el proceso.<\/p>\n\n\n\n<p><\/p>\n","protected":false},"excerpt":{"rendered":"<p>\u00bfTienes dudas? \u00bfQuieres hacer tu primer pedido? Estamos aqu\u00ed para ayudarte en cada paso. Puedes escribirnos para: \ud83d\udce9 Atenci\u00f3n r\u00e1pida y personalizadaRespondemos lo m\u00e1s pronto posible para que no pierdas oportunidades de compra. \ud83d\udcf1 Canales de contacto: WhatsApp: [tu n\u00famero]Instagram: [@tuusuario]Email: [tu correo] En Traigo, no solo traemos productos, te acompa\u00f1amos en todo el proceso.<\/p>\n","protected":false},"author":1,"featured_media":78,"parent":0,"menu_order":0,"comment_status":"closed","ping_status":"closed","template":"","meta":{"footnotes":""},"class_list":["post-69","page","type-page","status-publish","has-post-thumbnail","hentry","description-off"],"_links":{"self":[{"href":"https:\/\/unifranz.ejesrl.net\/traigo\/wp-json\/wp\/v2\/pages\/69","targetHints":{"allow":["GET"]}}],"collection":[{"href":"https:\/\/unifranz.ejesrl.net\/traigo\/wp-json\/wp\/v2\/pages"}],"about":[{"href":"https:\/\/unifranz.ejesrl.net\/traigo\/wp-json\/wp\/v2\/types\/page"}],"author":[{"embeddable":true,"href":"https:\/\/unifranz.ejesrl.net\/traigo\/wp-json\/wp\/v2\/users\/1"}],"replies":[{"embeddable":true,"href":"https:\/\/unifranz.ejesrl.net\/traigo\/wp-json\/wp\/v2\/comments?post=69"}],"version-history":[{"count":2,"href":"https:\/\/unifranz.ejesrl.net\/traigo\/wp-json\/wp\/v2\/pages\/69\/revisions"}],"predecessor-version":[{"id":80,"href":"https:\/\/unifranz.ejesrl.net\/traigo\/wp-json\/wp\/v2\/pages\/69\/revisions\/80"}],"wp:featuredmedia":[{"embeddable":true,"href":"https:\/\/unifranz.ejesrl.net\/traigo\/wp-json\/wp\/v2\/media\/78"}],"wp:attachment":[{"href":"https:\/\/unifranz.ejesrl.net\/traigo\/wp-json\/wp\/v2\/media?parent=69"}],"curies":[{"name":"wp","href":"https:\/\/api.w.org\/{rel}","templated":true}]}}