{"id":65,"date":"2026-03-30T23:11:20","date_gmt":"2026-03-30T23:11:20","guid":{"rendered":"https:\/\/traigo.mercadolacancha.com\/?page_id=65"},"modified":"2026-04-06T20:48:59","modified_gmt":"2026-04-06T20:48:59","slug":"nosotros","status":"publish","type":"page","link":"https:\/\/unifranz.ejesrl.net\/traigo\/nosotros\/","title":{"rendered":"Nosotros"},"content":{"rendered":"\n<p class=\"has-text-align-center\"><strong>En Traigo, hacemos que comprar en el extranjero sea f\u00e1cil, seguro y accesible.<\/strong><\/p>\n\n\n\n<p>Nacimos como respuesta a las limitaciones del sistema de env\u00edos en Bolivia, creando una soluci\u00f3n confiable para quienes quieren acceder a productos de Estados Unidos sin complicaciones. Sabemos lo frustrante que puede ser depender de procesos lentos o poco claros, por eso dise\u00f1amos un servicio transparente, \u00e1gil y personalizado.<\/p>\n\n\n\n<p><strong>Ofrecemos dos formas de traer lo que necesitas:<\/strong><\/p>\n\n\n\n<ul class=\"wp-block-list has-accent-background-color has-background\">\n<li class=\"has-text-color has-link-color has-medium-font-size wp-elements-9657dfec5e264c2bda26a3a967718b5f\" style=\"color:#f3e225\">Casillero en Miami: compra por tu cuenta en tiendas como Amazon o eBay y env\u00eda tu pedido a nuestra direcci\u00f3n. Nosotros nos encargamos de traerlo hasta tus manos.<\/li>\n\n\n\n<li class=\"has-text-color has-link-color has-medium-font-size wp-elements-96e13a87895e5f5a8d41f5d49a4380f3\" style=\"color:#f3e225\">Compra asistida: t\u00fa eliges el producto y nos mandas el enlace. Nosotros hacemos todo el proceso: compra, gesti\u00f3n y env\u00edo.<\/li>\n\n\n\n<li class=\"has-text-color has-link-color has-medium-font-size wp-elements-93a018c6af70354b109c7156e222919e\" style=\"color:#f3e225\">Nuestro objetivo es simple: que puedas comprar lo que quieras, desde donde quieras, sin estr\u00e9s.<\/li>\n<\/ul>\n\n\n\n<p class=\"has-small-font-size\"><\/p>\n","protected":false},"excerpt":{"rendered":"<p>En Traigo, hacemos que comprar en el extranjero sea f\u00e1cil, seguro y accesible. Nacimos como respuesta a las limitaciones del sistema de env\u00edos en Bolivia, creando una soluci\u00f3n confiable para quienes quieren acceder a productos de Estados Unidos sin complicaciones. Sabemos lo frustrante que puede ser depender de procesos lentos o poco claros, por eso&hellip;<\/p>\n","protected":false},"author":1,"featured_media":0,"parent":0,"menu_order":0,"comment_status":"closed","ping_status":"closed","template":"","meta":{"footnotes":""},"class_list":["post-65","page","type-page","status-publish","hentry","description-off"],"_links":{"self":[{"href":"https:\/\/unifranz.ejesrl.net\/traigo\/wp-json\/wp\/v2\/pages\/65","targetHints":{"allow":["GET"]}}],"collection":[{"href":"https:\/\/unifranz.ejesrl.net\/traigo\/wp-json\/wp\/v2\/pages"}],"about":[{"href":"https:\/\/unifranz.ejesrl.net\/traigo\/wp-json\/wp\/v2\/types\/page"}],"author":[{"embeddable":true,"href":"https:\/\/unifranz.ejesrl.net\/traigo\/wp-json\/wp\/v2\/users\/1"}],"replies":[{"embeddable":true,"href":"https:\/\/unifranz.ejesrl.net\/traigo\/wp-json\/wp\/v2\/comments?post=65"}],"version-history":[{"count":2,"href":"https:\/\/unifranz.ejesrl.net\/traigo\/wp-json\/wp\/v2\/pages\/65\/revisions"}],"predecessor-version":[{"id":77,"href":"https:\/\/unifranz.ejesrl.net\/traigo\/wp-json\/wp\/v2\/pages\/65\/revisions\/77"}],"wp:attachment":[{"href":"https:\/\/unifranz.ejesrl.net\/traigo\/wp-json\/wp\/v2\/media?parent=65"}],"curies":[{"name":"wp","href":"https:\/\/api.w.org\/{rel}","templated":true}]}}