{"id":32,"date":"2026-03-23T18:32:29","date_gmt":"2026-03-23T18:32:29","guid":{"rendered":"https:\/\/traigo.mercadolacancha.com\/?page_id=32"},"modified":"2026-04-07T00:50:03","modified_gmt":"2026-04-07T00:50:03","slug":"inicio","status":"publish","type":"page","link":"https:\/\/unifranz.ejesrl.net\/traigo\/","title":{"rendered":"Inicio"},"content":{"rendered":"<div class=\"wpb-content-wrapper\"><p>[vc_row][vc_column][vc_column_text css_animation=\u00bbbottom-to-top\u00bb css=\u00bb\u00bb]<\/p>\n<h2 style=\"text-align: center;\"><span style=\"color: #1378e4;\">Olv\u00eddate de los tr\u00e1mites y los paquetes perdidos. <\/span><\/h2>\n<h2 style=\"text-align: center;\"><span style=\"color: #1378e4;\">Env\u00edanos el enlace de lo que quieres de Estados Unidos y te damos el precio final, puesto en tu casa.<\/span><\/h2>\n<p>[\/vc_column_text][\/vc_column][\/vc_row][vc_row][vc_column][vc_btn title=\u00bbCOTIZA AHORA\u00bb style=\u00bb3d\u00bb color=\u00bborange\u00bb size=\u00bblg\u00bb align=\u00bbcenter\u00bb i_type=\u00bbthe7&#8243; i_icon_the7=\u00bbicomoon-the7-font-telegram\u00bb css_animation=\u00bbfadeIn\u00bb css=\u00bb\u00bb add_icon=\u00bbtrue\u00bb custom_onclick=\u00bbtrue\u00bb smooth_scroll=\u00bbtrue\u00bb][\/vc_column][\/vc_row][vc_row][vc_column][vc_empty_space height=\u00bb50px\u00bb][\/vc_column][\/vc_row][vc_row][vc_column]<div class=\"hr-thin style-dashed\" style=\"width: 100%;border-color: #F3D61E;border-top-width: 1px;\"><\/div>[\/vc_column][\/vc_row][vc_row][vc_column][vc_empty_space height=\u00bb50px\u00bb][\/vc_column][\/vc_row][vc_row][vc_column]<style type=\"text\/css\" data-type=\"the7_shortcodes-inline-css\">.icon-with-text-shortcode.icon-text-id-165e66407ac099c62f93a5eaf7e301ca .text-icon {\n  width: 40px;\n  height: 40px;\n  line-height: 40px;\n  font-size: 20px;\n  border-radius: 140px;\n  margin: 5px 5px 5px 5px;\n}\n.icon-with-text-shortcode.icon-text-id-165e66407ac099c62f93a5eaf7e301ca .text-icon .icon-inner {\n  min-width: 40px;\n  min-height: 40px;\n  border-radius: 140px;\n}\n@media all and (-ms-high-contrast: none) {\n  .icon-with-text-shortcode.icon-text-id-165e66407ac099c62f93a5eaf7e301ca .text-icon .icon-inner {\n    height: 40px;\n  }\n}\n.icon-with-text-shortcode.icon-text-id-165e66407ac099c62f93a5eaf7e301ca .text-icon .dt-hover-icon {\n  line-height: 40px;\n}\n.icon-with-text-shortcode.icon-text-id-165e66407ac099c62f93a5eaf7e301ca .text-icon:before,\n.icon-with-text-shortcode.icon-text-id-165e66407ac099c62f93a5eaf7e301ca .text-icon:after,\n.icon-with-text-shortcode.icon-text-id-165e66407ac099c62f93a5eaf7e301ca .text-icon .icon-inner:before,\n.icon-with-text-shortcode.icon-text-id-165e66407ac099c62f93a5eaf7e301ca .text-icon .icon-inner:after {\n  min-width: 100%;\n  min-height: 100%;\n  padding: inherit;\n  border-radius: inherit;\n}\n.icon-with-text-shortcode.icon-text-id-165e66407ac099c62f93a5eaf7e301ca .text-icon.dt-icon-border-on:before {\n  border-width: 2px;\n  border-style: solid;\n}\n.dt-icon-border-dashed.icon-with-text-shortcode.icon-text-id-165e66407ac099c62f93a5eaf7e301ca .text-icon.dt-icon-border-on:before {\n  border-style: dashed;\n}\n.dt-icon-border-dotted.icon-with-text-shortcode.icon-text-id-165e66407ac099c62f93a5eaf7e301ca .text-icon.dt-icon-border-on:before {\n  border-style: dotted;\n}\n.dt-icon-border-double.icon-with-text-shortcode.icon-text-id-165e66407ac099c62f93a5eaf7e301ca .text-icon.dt-icon-border-on:before {\n  border-style: double;\n}\n.icon-with-text-shortcode.icon-text-id-165e66407ac099c62f93a5eaf7e301ca .text-icon.dt-icon-border-dashed.dt-icon-border-on:before {\n  border-style: dashed;\n}\n.icon-with-text-shortcode.icon-text-id-165e66407ac099c62f93a5eaf7e301ca .text-icon.dt-icon-border-dotted.dt-icon-border-on:before {\n  border-style: dotted;\n}\n.icon-with-text-shortcode.icon-text-id-165e66407ac099c62f93a5eaf7e301ca .text-icon.dt-icon-border-double.dt-icon-border-on:before {\n  border-style: double;\n}\n.icon-with-text-shortcode.icon-text-id-165e66407ac099c62f93a5eaf7e301ca .text-icon.dt-icon-hover-border-on:after {\n  border-width: 2px;\n  border-style: solid;\n}\n.icon-with-text-shortcode.icon-text-id-165e66407ac099c62f93a5eaf7e301ca .text-icon.dt-icon-border-dashed.dt-icon-hover-border-on:after {\n  border-style: dashed;\n}\n.icon-with-text-shortcode.icon-text-id-165e66407ac099c62f93a5eaf7e301ca .text-icon.dt-icon-border-dotted.dt-icon-hover-border-on:after {\n  border-style: dotted;\n}\n.icon-with-text-shortcode.icon-text-id-165e66407ac099c62f93a5eaf7e301ca .text-icon.dt-icon-border-double.dt-icon-hover-border-on:after {\n  border-style: double;\n}\n.icon-with-text-shortcode.icon-text-id-165e66407ac099c62f93a5eaf7e301ca .text-icon.dt-icon-hover-on:hover {\n  font-size: 20px;\n}\n#page .icon-with-text-shortcode.icon-text-id-165e66407ac099c62f93a5eaf7e301ca .text-icon.dt-icon-hover-on:hover .soc-font-icon,\n#phantom .icon-with-text-shortcode.icon-text-id-165e66407ac099c62f93a5eaf7e301ca .text-icon.dt-icon-hover-on:hover .soc-font-icon,\n#page .icon-with-text-shortcode.icon-text-id-165e66407ac099c62f93a5eaf7e301ca .text-icon.dt-icon-hover-on:hover .soc-icon,\n#phantom .icon-with-text-shortcode.icon-text-id-165e66407ac099c62f93a5eaf7e301ca .text-icon.dt-icon-hover-on:hover .soc-icon {\n  color: #fff;\n  background: none;\n}\n#page .icon-with-text-shortcode.icon-text-id-165e66407ac099c62f93a5eaf7e301ca .text-icon.dt-icon-hover-on:not(:hover) .soc-font-icon,\n#phantom .icon-with-text-shortcode.icon-text-id-165e66407ac099c62f93a5eaf7e301ca .text-icon.dt-icon-hover-on:not(:hover) .soc-font-icon,\n#page .icon-with-text-shortcode.icon-text-id-165e66407ac099c62f93a5eaf7e301ca .text-icon.dt-icon-hover-on:not(:hover) .soc-icon,\n#phantom .icon-with-text-shortcode.icon-text-id-165e66407ac099c62f93a5eaf7e301ca .text-icon.dt-icon-hover-on:not(:hover) .soc-icon,\n#page .icon-with-text-shortcode.icon-text-id-165e66407ac099c62f93a5eaf7e301ca .text-icon.dt-icon-hover-off .soc-font-icon,\n#phantom .icon-with-text-shortcode.icon-text-id-165e66407ac099c62f93a5eaf7e301ca .text-icon.dt-icon-hover-off .soc-font-icon,\n#page .icon-with-text-shortcode.icon-text-id-165e66407ac099c62f93a5eaf7e301ca .text-icon.dt-icon-hover-off .soc-icon,\n#phantom .icon-with-text-shortcode.icon-text-id-165e66407ac099c62f93a5eaf7e301ca .text-icon.dt-icon-hover-off .soc-icon {\n  color: #fff;\n  background: none;\n}\n.icon-with-text-shortcode.icon-text-id-165e66407ac099c62f93a5eaf7e301ca.layout-1 {\n  grid-template-columns: 40px minmax(0,1fr);\n  grid-column-gap: 10px;\n}\n.icon-with-text-shortcode.icon-text-id-165e66407ac099c62f93a5eaf7e301ca.layout-2 {\n  grid-template-columns: minmax(0,1fr) 40px;\n  grid-column-gap: 5px;\n}\n.icon-with-text-shortcode.icon-text-id-165e66407ac099c62f93a5eaf7e301ca.layout-2 .text-icon {\n  margin-left: 0;\n}\n.icon-with-text-shortcode.icon-text-id-165e66407ac099c62f93a5eaf7e301ca.layout-3 {\n  grid-template-columns: 40px minmax(0,1fr);\n}\n.icon-with-text-shortcode.icon-text-id-165e66407ac099c62f93a5eaf7e301ca.layout-3 .dt-text-title {\n  margin-left: 5px;\n}\n.icon-with-text-shortcode.icon-text-id-165e66407ac099c62f93a5eaf7e301ca .dt-text-title,\n.icon-with-text-shortcode.icon-text-id-165e66407ac099c62f93a5eaf7e301ca .dt-text-title a {\n  color: #1E73BE;\n  background: none;\n  font-size: 30px;\n  line-height: 20px;\n  font-weight: bold;\n}\n.icon-with-text-shortcode.icon-text-id-165e66407ac099c62f93a5eaf7e301ca .dt-text-title {\n  margin-bottom: 10px;\n}\n.icon-with-text-shortcode.icon-text-id-165e66407ac099c62f93a5eaf7e301ca .dt-text-desc {\n  margin-bottom: 15px;\n  font-size: 20px;\n  line-height: 30px;\n}<\/style><div class=\"icon-with-text-shortcode  icon-text-id-165e66407ac099c62f93a5eaf7e301ca layout-5  \" ><span   class=\"text-icon dt-icon-bg-on dt-icon-hover-on dt-icon-hover-bg-on\" ><span class=\"icon-inner\"><i class=\"dt-regular-icon soc-icon icomoon-the7-font-the7-mail-01\"><\/i><i class=\"dt-hover-icon soc-icon icomoon-the7-font-the7-mail-01\"><\/i><\/span><\/span><h4 class=\"dt-text-title\"  >Solo Envio<\/h4><div class=\"dt-text-desc\">\u00bfYa sabes qu\u00e9 comprar y tienes c\u00f3mo pagarlo?<br \/>\nPerfecto. Te damos nuestra direcci\u00f3n segura en Miami totalmente gratis. T\u00fa haces la compra en tu tienda favorita, la env\u00edas a nuestro almac\u00e9n y nosotros nos encargamos del trabajo pesado: cruzar la frontera, pasar la aduana y dejar la caja en la puerta de tu casa. Sin sorpresas, sin correos perdidos.<\/div><a href=\"\" class=\"anchor-link not-clickable-item default-btn-shortcode dt-btn dt-btn-m link-hover-off tada animate-element animation-builder\"><i class=\"icomoon-the7-font-telegram\"><\/i><span>Cotiza<\/span><\/a><\/div>[\/vc_column][\/vc_row][vc_row][vc_column][vc_empty_space height=\u00bb50px\u00bb][\/vc_column][\/vc_row][vc_row][vc_column]<style type=\"text\/css\" data-type=\"the7_shortcodes-inline-css\">.icon-with-text-shortcode.icon-text-id-3f56d72a73a9fe808037bcf0e82138e9 .text-icon {\n  width: 40px;\n  height: 40px;\n  line-height: 40px;\n  font-size: 20px;\n  border-radius: 140px;\n  margin: 5px 5px 5px 5px;\n}\n.icon-with-text-shortcode.icon-text-id-3f56d72a73a9fe808037bcf0e82138e9 .text-icon .icon-inner {\n  min-width: 40px;\n  min-height: 40px;\n  border-radius: 140px;\n}\n@media all and (-ms-high-contrast: none) {\n  .icon-with-text-shortcode.icon-text-id-3f56d72a73a9fe808037bcf0e82138e9 .text-icon .icon-inner {\n    height: 40px;\n  }\n}\n.icon-with-text-shortcode.icon-text-id-3f56d72a73a9fe808037bcf0e82138e9 .text-icon .dt-hover-icon {\n  line-height: 40px;\n}\n.icon-with-text-shortcode.icon-text-id-3f56d72a73a9fe808037bcf0e82138e9 .text-icon:before,\n.icon-with-text-shortcode.icon-text-id-3f56d72a73a9fe808037bcf0e82138e9 .text-icon:after,\n.icon-with-text-shortcode.icon-text-id-3f56d72a73a9fe808037bcf0e82138e9 .text-icon .icon-inner:before,\n.icon-with-text-shortcode.icon-text-id-3f56d72a73a9fe808037bcf0e82138e9 .text-icon .icon-inner:after {\n  min-width: 100%;\n  min-height: 100%;\n  padding: inherit;\n  border-radius: inherit;\n}\n.icon-with-text-shortcode.icon-text-id-3f56d72a73a9fe808037bcf0e82138e9 .text-icon.dt-icon-border-on:before {\n  border-width: 2px;\n  border-style: solid;\n}\n.dt-icon-border-dashed.icon-with-text-shortcode.icon-text-id-3f56d72a73a9fe808037bcf0e82138e9 .text-icon.dt-icon-border-on:before {\n  border-style: dashed;\n}\n.dt-icon-border-dotted.icon-with-text-shortcode.icon-text-id-3f56d72a73a9fe808037bcf0e82138e9 .text-icon.dt-icon-border-on:before {\n  border-style: dotted;\n}\n.dt-icon-border-double.icon-with-text-shortcode.icon-text-id-3f56d72a73a9fe808037bcf0e82138e9 .text-icon.dt-icon-border-on:before {\n  border-style: double;\n}\n.icon-with-text-shortcode.icon-text-id-3f56d72a73a9fe808037bcf0e82138e9 .text-icon.dt-icon-border-dashed.dt-icon-border-on:before {\n  border-style: dashed;\n}\n.icon-with-text-shortcode.icon-text-id-3f56d72a73a9fe808037bcf0e82138e9 .text-icon.dt-icon-border-dotted.dt-icon-border-on:before {\n  border-style: dotted;\n}\n.icon-with-text-shortcode.icon-text-id-3f56d72a73a9fe808037bcf0e82138e9 .text-icon.dt-icon-border-double.dt-icon-border-on:before {\n  border-style: double;\n}\n.icon-with-text-shortcode.icon-text-id-3f56d72a73a9fe808037bcf0e82138e9 .text-icon.dt-icon-hover-border-on:after {\n  border-width: 2px;\n  border-style: solid;\n}\n.icon-with-text-shortcode.icon-text-id-3f56d72a73a9fe808037bcf0e82138e9 .text-icon.dt-icon-border-dashed.dt-icon-hover-border-on:after {\n  border-style: dashed;\n}\n.icon-with-text-shortcode.icon-text-id-3f56d72a73a9fe808037bcf0e82138e9 .text-icon.dt-icon-border-dotted.dt-icon-hover-border-on:after {\n  border-style: dotted;\n}\n.icon-with-text-shortcode.icon-text-id-3f56d72a73a9fe808037bcf0e82138e9 .text-icon.dt-icon-border-double.dt-icon-hover-border-on:after {\n  border-style: double;\n}\n.icon-with-text-shortcode.icon-text-id-3f56d72a73a9fe808037bcf0e82138e9 .text-icon.dt-icon-hover-on:hover {\n  font-size: 20px;\n}\n#page .icon-with-text-shortcode.icon-text-id-3f56d72a73a9fe808037bcf0e82138e9 .text-icon.dt-icon-hover-on:hover .soc-font-icon,\n#phantom .icon-with-text-shortcode.icon-text-id-3f56d72a73a9fe808037bcf0e82138e9 .text-icon.dt-icon-hover-on:hover .soc-font-icon,\n#page .icon-with-text-shortcode.icon-text-id-3f56d72a73a9fe808037bcf0e82138e9 .text-icon.dt-icon-hover-on:hover .soc-icon,\n#phantom .icon-with-text-shortcode.icon-text-id-3f56d72a73a9fe808037bcf0e82138e9 .text-icon.dt-icon-hover-on:hover .soc-icon {\n  color: #fff;\n  background: none;\n}\n#page .icon-with-text-shortcode.icon-text-id-3f56d72a73a9fe808037bcf0e82138e9 .text-icon.dt-icon-hover-on:not(:hover) .soc-font-icon,\n#phantom .icon-with-text-shortcode.icon-text-id-3f56d72a73a9fe808037bcf0e82138e9 .text-icon.dt-icon-hover-on:not(:hover) .soc-font-icon,\n#page .icon-with-text-shortcode.icon-text-id-3f56d72a73a9fe808037bcf0e82138e9 .text-icon.dt-icon-hover-on:not(:hover) .soc-icon,\n#phantom .icon-with-text-shortcode.icon-text-id-3f56d72a73a9fe808037bcf0e82138e9 .text-icon.dt-icon-hover-on:not(:hover) .soc-icon,\n#page .icon-with-text-shortcode.icon-text-id-3f56d72a73a9fe808037bcf0e82138e9 .text-icon.dt-icon-hover-off .soc-font-icon,\n#phantom .icon-with-text-shortcode.icon-text-id-3f56d72a73a9fe808037bcf0e82138e9 .text-icon.dt-icon-hover-off .soc-font-icon,\n#page .icon-with-text-shortcode.icon-text-id-3f56d72a73a9fe808037bcf0e82138e9 .text-icon.dt-icon-hover-off .soc-icon,\n#phantom .icon-with-text-shortcode.icon-text-id-3f56d72a73a9fe808037bcf0e82138e9 .text-icon.dt-icon-hover-off .soc-icon {\n  color: #fff;\n  background: none;\n}\n.icon-with-text-shortcode.icon-text-id-3f56d72a73a9fe808037bcf0e82138e9.layout-1 {\n  grid-template-columns: 40px minmax(0,1fr);\n  grid-column-gap: 10px;\n}\n.icon-with-text-shortcode.icon-text-id-3f56d72a73a9fe808037bcf0e82138e9.layout-2 {\n  grid-template-columns: minmax(0,1fr) 40px;\n  grid-column-gap: 5px;\n}\n.icon-with-text-shortcode.icon-text-id-3f56d72a73a9fe808037bcf0e82138e9.layout-2 .text-icon {\n  margin-left: 0;\n}\n.icon-with-text-shortcode.icon-text-id-3f56d72a73a9fe808037bcf0e82138e9.layout-3 {\n  grid-template-columns: 40px minmax(0,1fr);\n}\n.icon-with-text-shortcode.icon-text-id-3f56d72a73a9fe808037bcf0e82138e9.layout-3 .dt-text-title {\n  margin-left: 5px;\n}\n.icon-with-text-shortcode.icon-text-id-3f56d72a73a9fe808037bcf0e82138e9 .dt-text-title,\n.icon-with-text-shortcode.icon-text-id-3f56d72a73a9fe808037bcf0e82138e9 .dt-text-title a {\n  color: #1E73BE;\n  background: none;\n  font-size: 30px;\n  line-height: 20px;\n  font-weight: bold;\n}\n.icon-with-text-shortcode.icon-text-id-3f56d72a73a9fe808037bcf0e82138e9 .dt-text-title {\n  margin-bottom: 10px;\n}\n.icon-with-text-shortcode.icon-text-id-3f56d72a73a9fe808037bcf0e82138e9 .dt-text-desc {\n  margin-bottom: 15px;\n  font-size: 20px;\n  line-height: 30px;\n}<\/style><div class=\"icon-with-text-shortcode  icon-text-id-3f56d72a73a9fe808037bcf0e82138e9 layout-5  \" ><span   class=\"text-icon dt-icon-bg-on dt-icon-hover-on dt-icon-hover-bg-on\" ><span class=\"icon-inner\"><i class=\"dt-regular-icon soc-icon icomoon-the7-font-the7-cart-12\"><\/i><i class=\"dt-hover-icon soc-icon icomoon-the7-font-the7-cart-12\"><\/i><\/span><\/span><h4 class=\"dt-text-title\"  >Compra Asistida<\/h4><div class=\"dt-text-desc\">\u00bfViste algo incre\u00edble en Amazon o eBay pero no sabes c\u00f3mo comprarlo?<br \/>\nNo te compliques. Solo m\u00e1ndanos el link por WhatsApp. Nosotros hacemos la compra con nuestras tarjetas, lo recibimos en Miami y te lo entregamos en tus manos en Bolivia. T\u00fa solo te relajas y esperas tu paquete.<\/div><a href=\"\" class=\"anchor-link not-clickable-item default-btn-shortcode dt-btn dt-btn-m link-hover-off tada animate-element animation-builder\"><i class=\"icomoon-the7-font-telegram\"><\/i><span>Cotiza<\/span><\/a><\/div>[\/vc_column][\/vc_row]<\/p>\n<\/div>","protected":false},"excerpt":{"rendered":"<p>[vc_row][vc_column][vc_column_text css_animation=\u00bbbottom-to-top\u00bb css=\u00bb\u00bb] Olv\u00eddate de los tr\u00e1mites y los paquetes perdidos. Env\u00edanos el enlace de lo que quieres de Estados Unidos y te damos el precio final, puesto en tu casa. [\/vc_column_text][\/vc_column][\/vc_row][vc_row][vc_column][vc_btn title=\u00bbCOTIZA AHORA\u00bb style=\u00bb3d\u00bb color=\u00bborange\u00bb size=\u00bblg\u00bb align=\u00bbcenter\u00bb i_type=\u00bbthe7&#8243; i_icon_the7=\u00bbicomoon-the7-font-telegram\u00bb css_animation=\u00bbfadeIn\u00bb css=\u00bb\u00bb add_icon=\u00bbtrue\u00bb custom_onclick=\u00bbtrue\u00bb smooth_scroll=\u00bbtrue\u00bb][\/vc_column][\/vc_row][vc_row][vc_column][vc_empty_space height=\u00bb50px\u00bb][\/vc_column][\/vc_row][vc_row][vc_column][\/vc_column][\/vc_row][vc_row][vc_column][vc_empty_space height=\u00bb50px\u00bb][\/vc_column][\/vc_row][vc_row][vc_column][\/vc_column][\/vc_row][vc_row][vc_column][vc_empty_space height=\u00bb50px\u00bb][\/vc_column][\/vc_row][vc_row][vc_column][\/vc_column][\/vc_row]<\/p>\n","protected":false},"author":1,"featured_media":0,"parent":0,"menu_order":0,"comment_status":"closed","ping_status":"closed","template":"","meta":{"footnotes":""},"class_list":["post-32","page","type-page","status-publish","hentry","description-off"],"_links":{"self":[{"href":"https:\/\/unifranz.ejesrl.net\/traigo\/wp-json\/wp\/v2\/pages\/32","targetHints":{"allow":["GET"]}}],"collection":[{"href":"https:\/\/unifranz.ejesrl.net\/traigo\/wp-json\/wp\/v2\/pages"}],"about":[{"href":"https:\/\/unifranz.ejesrl.net\/traigo\/wp-json\/wp\/v2\/types\/page"}],"author":[{"embeddable":true,"href":"https:\/\/unifranz.ejesrl.net\/traigo\/wp-json\/wp\/v2\/users\/1"}],"replies":[{"embeddable":true,"href":"https:\/\/unifranz.ejesrl.net\/traigo\/wp-json\/wp\/v2\/comments?post=32"}],"version-history":[{"count":27,"href":"https:\/\/unifranz.ejesrl.net\/traigo\/wp-json\/wp\/v2\/pages\/32\/revisions"}],"predecessor-version":[{"id":87,"href":"https:\/\/unifranz.ejesrl.net\/traigo\/wp-json\/wp\/v2\/pages\/32\/revisions\/87"}],"wp:attachment":[{"href":"https:\/\/unifranz.ejesrl.net\/traigo\/wp-json\/wp\/v2\/media?parent=32"}],"curies":[{"name":"wp","href":"https:\/\/api.w.org\/{rel}","templated":true}]}}