{"id":88,"date":"2026-03-22T22:45:34","date_gmt":"2026-03-22T22:45:34","guid":{"rendered":"https:\/\/burguer.mercadolacancha.com\/?page_id=88"},"modified":"2026-04-06T23:19:54","modified_gmt":"2026-04-06T23:19:54","slug":"sobre-nosotros","status":"publish","type":"page","link":"https:\/\/unifranz.ejesrl.net\/snakis\/sobre-nosotros\/","title":{"rendered":"Sobre nosotros"},"content":{"rendered":"<div class=\"wpb-content-wrapper\"><p>[vc_row][vc_column][vc_column_text css=\u00bb\u00bb]<\/p>\n<h2 style=\"text-align: center;\"><strong><span style=\"color: #ffffff;\">Quienes somos<\/span><\/strong><\/h2>\n<p>[\/vc_column_text][vc_column_text css=\u00bb\u00bb]<\/p>\n<p style=\"text-align: center;\"><span style=\"font-weight: 400; color: #ffffff;\">Snakis es un emprendimiento emergente en Cochabamba &#8211; Bolivia dedicado a ofrecer snacks saludables y naturales para perros y gatos, completamente libres de qu\u00edmicos y conservantes. Snakis se inserta en el sector de alimentaci\u00f3n para mascotas, respondiendo a la creciente demanda de productos que prioricen la salud, seguridad y bienestar animal.<\/span><\/p>\n<p>[\/vc_column_text][\/vc_column][\/vc_row][vc_row css_animation=\u00bbfadeIn\u00bb][vc_column css_animation=\u00bbfadeIn\u00bb width=\u00bb1\/2&#8243;][vc_column_text css=\u00bb\u00bb]<\/p>\n<h3 style=\"text-align: center;\"><span style=\"color: #ffffff;\">Misi\u00f3n<\/span><\/h3>\n<p>[\/vc_column_text][vc_column_text css=\u00bb\u00bb]<\/p>\n<p style=\"text-align: center;\"><span style=\"font-weight: 400; color: #ffffff;\">Ofrecer snacks naturales y saludables para mascotas, elaborados con ingredientes de calidad, que contribuyan al bienestar y la felicidad de perros y gatos, brindando a sus due\u00f1os confianza y seguridad en cada producto.<\/span><\/p>\n<p>[\/vc_column_text][\/vc_column][vc_column width=\u00bb1\/2&#8243;][vc_column_text css=\u00bb\u00bb]<\/p>\n<h3 style=\"text-align: center;\"><span style=\"font-weight: 400; color: #ffffff;\">Visi\u00f3n<\/span><\/h3>\n<p>[\/vc_column_text][vc_column_text css=\u00bb\u00bb]<\/p>\n<p style=\"text-align: center;\"><span style=\"font-weight: 400; color: #ffffff;\">Consolidarnos como la marca boliviana l\u00edder en alimentaci\u00f3n natural para mascotas, reconocida por su innovaci\u00f3n, calidad y compromiso con la salud animal, expandiendo nuestra presencia a nivel nacional y proyect\u00e1ndose hacia mercados internacionales.<\/span><\/p>\n<p>[\/vc_column_text][\/vc_column][\/vc_row][vc_row css_animation=\u00bbfadeIn\u00bb][vc_column]<div class=\"dt-fancy-separator h3-size\" style=\"width: 100%;\"><div class=\"dt-fancy-title\" style=\"color: #FFFFFF;\"><span class=\"separator-holder separator-left\"><\/span>Nuestros Valores<span class=\"separator-holder separator-right\"><\/span><\/div><\/div>[\/vc_column][\/vc_row][vc_row][vc_column css_animation=\u00bbfadeIn\u00bb width=\u00bb1\/3&#8243;][vc_column_text css=\u00bb\u00bb]<\/p>\n<ul>\n<li style=\"font-weight: 400;\" aria-level=\"1\"><span style=\"color: #ffffff;\"><b>Compromiso con la salud animal<\/b><span style=\"font-weight: 400;\">: Priorizar siempre el bienestar y la seguridad de las mascotas.<\/span><\/span><\/li>\n<li style=\"font-weight: 400;\" aria-level=\"1\"><span style=\"color: #ffffff;\"><b>Calidad<\/b><span style=\"font-weight: 400;\">: Garantizar productos elaborados con procesos cuidadosos y materias primas naturales.<\/span><\/span><\/li>\n<\/ul>\n<p>[\/vc_column_text][\/vc_column][vc_column width=\u00bb1\/3&#8243;][vc_column_text css_animation=\u00bbfadeIn\u00bb css=\u00bb\u00bb]<\/p>\n<ul>\n<li style=\"font-weight: 400;\" aria-level=\"1\"><span style=\"color: #ffffff;\"><b>Confianza<\/b><span style=\"font-weight: 400;\">: Ser una marca transparente y responsable con clientes y aliados estrat\u00e9gicos.<\/span><\/span><\/li>\n<li style=\"font-weight: 400;\" aria-level=\"1\"><span style=\"color: #ffffff;\"><b>Innovaci\u00f3n<\/b><span style=\"font-weight: 400;\">: Desarrollar constantemente nuevas alternativas saludables para mascotas.<\/span><\/span><\/li>\n<li style=\"font-weight: 400;\" aria-level=\"1\"><span style=\"color: #ffffff;\"><b>Responsabilidad social<\/b><span style=\"font-weight: 400;\">: Contribuir al cuidado responsable de los animales y apoyar iniciativas comunitarias.<\/span><\/span><\/li>\n<\/ul>\n<p>[\/vc_column_text][\/vc_column][vc_column width=\u00bb1\/3&#8243;][vc_column_text css_animation=\u00bbfadeIn\u00bb css=\u00bb\u00bb]<\/p>\n<ul>\n<li style=\"font-weight: 400;\" aria-level=\"1\"><span style=\"color: #ffffff;\"><b>Sostenibilidad<\/b><span style=\"font-weight: 400;\">: Promover pr\u00e1cticas que minimicen el impacto ambiental en la producci\u00f3n y empaque.<\/span><\/span><\/li>\n<li style=\"font-weight: 400;\" aria-level=\"1\"><span style=\"color: #ffffff;\"><b>Cercan\u00eda<\/b>: Mantener un v\u00ednculo amigable y humano con los due\u00f1os de mascotas, comprendiendo sus necesidades.<\/span><\/li>\n<\/ul>\n<p>[\/vc_column_text][\/vc_column][\/vc_row][vc_row][vc_column el_class=\u00bbfade-scroll\u00bb][vc_empty_space][\/vc_column][\/vc_row]<\/p>\n<\/div>","protected":false},"excerpt":{"rendered":"<p>[vc_row][vc_column][vc_column_text css=\u00bb\u00bb] Quienes somos [\/vc_column_text][vc_column_text css=\u00bb\u00bb] Snakis es un emprendimiento emergente en Cochabamba &#8211; Bolivia dedicado a ofrecer snacks saludables y naturales para perros y gatos, completamente libres de qu\u00edmicos y conservantes. Snakis se inserta en el sector de alimentaci\u00f3n para mascotas, respondiendo a la creciente demanda de productos que prioricen la salud, seguridad y&hellip;<\/p>\n","protected":false},"author":1,"featured_media":0,"parent":0,"menu_order":0,"comment_status":"closed","ping_status":"closed","template":"","meta":{"footnotes":""},"class_list":["post-88","page","type-page","status-publish","hentry","description-off"],"_links":{"self":[{"href":"https:\/\/unifranz.ejesrl.net\/snakis\/wp-json\/wp\/v2\/pages\/88","targetHints":{"allow":["GET"]}}],"collection":[{"href":"https:\/\/unifranz.ejesrl.net\/snakis\/wp-json\/wp\/v2\/pages"}],"about":[{"href":"https:\/\/unifranz.ejesrl.net\/snakis\/wp-json\/wp\/v2\/types\/page"}],"author":[{"embeddable":true,"href":"https:\/\/unifranz.ejesrl.net\/snakis\/wp-json\/wp\/v2\/users\/1"}],"replies":[{"embeddable":true,"href":"https:\/\/unifranz.ejesrl.net\/snakis\/wp-json\/wp\/v2\/comments?post=88"}],"version-history":[{"count":13,"href":"https:\/\/unifranz.ejesrl.net\/snakis\/wp-json\/wp\/v2\/pages\/88\/revisions"}],"predecessor-version":[{"id":216,"href":"https:\/\/unifranz.ejesrl.net\/snakis\/wp-json\/wp\/v2\/pages\/88\/revisions\/216"}],"wp:attachment":[{"href":"https:\/\/unifranz.ejesrl.net\/snakis\/wp-json\/wp\/v2\/media?parent=88"}],"curies":[{"name":"wp","href":"https:\/\/api.w.org\/{rel}","templated":true}]}}