{"id":26,"date":"2026-03-23T21:10:56","date_gmt":"2026-03-23T21:10:56","guid":{"rendered":"https:\/\/outsiders.mercadolacancha.com\/?page_id=26"},"modified":"2026-04-06T22:56:44","modified_gmt":"2026-04-06T22:56:44","slug":"inicio","status":"publish","type":"page","link":"https:\/\/unifranz.ejesrl.net\/outsiders\/","title":{"rendered":"INICIO"},"content":{"rendered":"<div class=\"wpb-content-wrapper\"><p>[vc_row][vc_column][vc_single_image image=\u00bb41&#8243; img_size=\u00bbfull\u00bb css=\u00bb\u00bb][\/vc_column][\/vc_row][vc_row][vc_column][vc_column_text css_animation=\u00bbleft-to-right\u00bb css=\u00bb\u00bb]<\/p>\n<p style=\"text-align: center;\"><span style=\"color: #333333;\">Es m\u00e1s que ropa, es actitud. <\/span><span style=\"color: #333333;\">Fusionamos el estilo urbano con dise\u00f1os aut\u00e9nticos para quienes viven la calle con identidad propia. Cada prenda est\u00e1 pensada para destacar, romper esquemas y marcar presencia donde vayas.<\/span><\/p>\n<p>[\/vc_column_text][\/vc_column][\/vc_row][vc_row][vc_column]<style type=\"text\/css\" data-type=\"the7_shortcodes-inline-css\">.shortcode-single-image-wrap.shortcode-single-image-5db32cc8ca70587923dd8c448bcdf617.enable-bg-rollover .rollover i,\n.shortcode-single-image-wrap.shortcode-single-image-5db32cc8ca70587923dd8c448bcdf617.enable-bg-rollover .rollover-video i {\n  background: -webkit-linear-gradient();\n  background: linear-gradient();\n}\n.shortcode-single-image-wrap.shortcode-single-image-5db32cc8ca70587923dd8c448bcdf617 .rollover-icon {\n  font-size: 32px;\n  color: #ffffff;\n  min-width: 44px;\n  min-height: 44px;\n  line-height: 44px;\n  border-radius: 100px;\n  border-style: solid;\n  border-width: 0px;\n}\n.dt-icon-bg-on.shortcode-single-image-wrap.shortcode-single-image-5db32cc8ca70587923dd8c448bcdf617 .rollover-icon {\n  background: rgba(255,255,255,0.3);\n  box-shadow: none;\n}<\/style><div class=\"shortcode-single-image-wrap shortcode-single-image-5db32cc8ca70587923dd8c448bcdf617 alignnone  enable-bg-rollover dt-icon-bg-off\" style=\"margin-top:0px; margin-bottom:0px; margin-left:0px; margin-right:0px; width:500px;\"><div class=\"shortcode-single-image\"><div class=\"fancy-media-wrap  layzr-bg\" style=\"\"><img fetchpriority=\"high\" decoding=\"async\" class=\"preload-me lazy-load aspect\" src=\"data:image\/svg+xml,%3Csvg%20xmlns%3D&#39;http%3A%2F%2Fwww.w3.org%2F2000%2Fsvg&#39;%20viewBox%3D&#39;0%200%20500%20281&#39;%2F%3E\" data-src=\"https:\/\/unifranz.ejesrl.net\/outsiders\/wp-content\/uploads\/2026\/03\/2-500x281.jpg\" data-srcset=\"https:\/\/unifranz.ejesrl.net\/outsiders\/wp-content\/uploads\/2026\/03\/2-500x281.jpg 500w, https:\/\/unifranz.ejesrl.net\/outsiders\/wp-content\/uploads\/2026\/03\/2-1000x562.jpg 1000w\" loading=\"eager\" sizes=\"(max-width: 500px) 100vw, 500px\" width=\"500\" height=\"281\"  data-dt-location=\"https:\/\/unifranz.ejesrl.net\/outsiders\/inicio\/attachment\/2\/\" style=\"--ratio: 500 \/ 281;\" alt=\"\" \/><\/div><\/div><\/div>[\/vc_column][\/vc_row][vc_row][vc_column]<form class=\"dt-contact-form dt-form\" method=\"post\"><input type=\"hidden\" name=\"widget_id\" value=\"presscore-contact-form-widget--1\" \/><input type=\"hidden\" name=\"send_message\" value=\"\" \/><input type=\"hidden\" name=\"security_token\" value=\"2c388226b5dac83c76b8\"\/><div class=\"form-fields\"><span class=\"form-name\"><label class=\"assistive-text\">Name<\/label><input type=\"text\" placeholder=\"Name\" name=\"name\" value=\"\" aria-required=\"false\">\n<\/span><span class=\"form-telephone\"><label class=\"assistive-text\">Telephone<\/label><input type=\"text\" placeholder=\"Telephone\" name=\"telephone\" value=\"\" aria-required=\"false\">\n<\/span><span class=\"form-city\"><label class=\"assistive-text\">City<\/label><input type=\"text\" placeholder=\"City\" name=\"city\" value=\"\" aria-required=\"false\">\n<\/span><\/div><p><a href=\"#\" class=\"dt-btn dt-btn-m dt-btn-submit\" rel=\"nofollow\"><span>Send message<\/span><\/a><input class=\"assistive-text\" type=\"submit\" value=\"submit\"><\/p><\/form>\n[\/vc_column][\/vc_row]<\/p>\n<\/div>","protected":false},"excerpt":{"rendered":"<p>[vc_row][vc_column][vc_single_image image=\u00bb41&#8243; img_size=\u00bbfull\u00bb css=\u00bb\u00bb][\/vc_column][\/vc_row][vc_row][vc_column][vc_column_text css_animation=\u00bbleft-to-right\u00bb css=\u00bb\u00bb] Es m\u00e1s que ropa, es actitud. Fusionamos el estilo urbano con dise\u00f1os aut\u00e9nticos para quienes viven la calle con identidad propia. Cada prenda est\u00e1 pensada para destacar, romper esquemas y marcar presencia donde vayas. [\/vc_column_text][\/vc_column][\/vc_row][vc_row][vc_column][\/vc_column][\/vc_row][vc_row][vc_column][\/vc_column][\/vc_row]<\/p>\n","protected":false},"author":1,"featured_media":0,"parent":0,"menu_order":0,"comment_status":"closed","ping_status":"closed","template":"","meta":{"footnotes":""},"class_list":["post-26","page","type-page","status-publish","hentry","description-off"],"_links":{"self":[{"href":"https:\/\/unifranz.ejesrl.net\/outsiders\/wp-json\/wp\/v2\/pages\/26","targetHints":{"allow":["GET"]}}],"collection":[{"href":"https:\/\/unifranz.ejesrl.net\/outsiders\/wp-json\/wp\/v2\/pages"}],"about":[{"href":"https:\/\/unifranz.ejesrl.net\/outsiders\/wp-json\/wp\/v2\/types\/page"}],"author":[{"embeddable":true,"href":"https:\/\/unifranz.ejesrl.net\/outsiders\/wp-json\/wp\/v2\/users\/1"}],"replies":[{"embeddable":true,"href":"https:\/\/unifranz.ejesrl.net\/outsiders\/wp-json\/wp\/v2\/comments?post=26"}],"version-history":[{"count":16,"href":"https:\/\/unifranz.ejesrl.net\/outsiders\/wp-json\/wp\/v2\/pages\/26\/revisions"}],"predecessor-version":[{"id":68,"href":"https:\/\/unifranz.ejesrl.net\/outsiders\/wp-json\/wp\/v2\/pages\/26\/revisions\/68"}],"wp:attachment":[{"href":"https:\/\/unifranz.ejesrl.net\/outsiders\/wp-json\/wp\/v2\/media?parent=26"}],"curies":[{"name":"wp","href":"https:\/\/api.w.org\/{rel}","templated":true}]}}