{"id":90,"date":"2026-03-21T21:24:03","date_gmt":"2026-03-21T21:24:03","guid":{"rendered":"https:\/\/musas.mercadolacancha.com\/producto\/mojito-virgin\/"},"modified":"2026-04-26T01:01:55","modified_gmt":"2026-04-26T01:01:55","slug":"mojito-virgin","status":"publish","type":"product","link":"https:\/\/unifranz.ejesrl.net\/musas\/producto\/mojito-virgin\/","title":{"rendered":"Mojito virgin"},"content":{"rendered":"<p>Refrescante mezcla de lim\u00f3n, hierba buena y soda, ligeramente endulzada, que conserva toda la frescura y el car\u00e1cter del cl\u00e1sico mojito, pero en una versi\u00f3n sin alcohol ideal para cualquier momento del d\u00eda.<\/p>\n","protected":false},"excerpt":{"rendered":"<p>Mojito sin alcohol.<\/p>\n","protected":false},"featured_media":224,"comment_status":"open","ping_status":"closed","template":"","meta":[],"product_brand":[],"product_cat":[21],"product_tag":[],"class_list":{"0":"post-90","1":"product","2":"type-product","3":"status-publish","4":"has-post-thumbnail","6":"product_cat-bebidas-refrescantes","7":"description-off","9":"first","10":"instock","11":"taxable","12":"shipping-taxable","13":"purchasable","14":"product-type-simple"},"_links":{"self":[{"href":"https:\/\/unifranz.ejesrl.net\/musas\/wp-json\/wp\/v2\/product\/90","targetHints":{"allow":["GET"]}}],"collection":[{"href":"https:\/\/unifranz.ejesrl.net\/musas\/wp-json\/wp\/v2\/product"}],"about":[{"href":"https:\/\/unifranz.ejesrl.net\/musas\/wp-json\/wp\/v2\/types\/product"}],"replies":[{"embeddable":true,"href":"https:\/\/unifranz.ejesrl.net\/musas\/wp-json\/wp\/v2\/comments?post=90"}],"wp:featuredmedia":[{"embeddable":true,"href":"https:\/\/unifranz.ejesrl.net\/musas\/wp-json\/wp\/v2\/media\/224"}],"wp:attachment":[{"href":"https:\/\/unifranz.ejesrl.net\/musas\/wp-json\/wp\/v2\/media?parent=90"}],"wp:term":[{"taxonomy":"product_brand","embeddable":true,"href":"https:\/\/unifranz.ejesrl.net\/musas\/wp-json\/wp\/v2\/product_brand?post=90"},{"taxonomy":"product_cat","embeddable":true,"href":"https:\/\/unifranz.ejesrl.net\/musas\/wp-json\/wp\/v2\/product_cat?post=90"},{"taxonomy":"product_tag","embeddable":true,"href":"https:\/\/unifranz.ejesrl.net\/musas\/wp-json\/wp\/v2\/product_tag?post=90"}],"curies":[{"name":"wp","href":"https:\/\/api.w.org\/{rel}","templated":true}]}}