{"id":77,"date":"2026-03-21T21:23:57","date_gmt":"2026-03-21T21:23:57","guid":{"rendered":"https:\/\/musas.mercadolacancha.com\/producto\/te-verde-frio-con-miel-y-limon\/"},"modified":"2026-04-26T02:24:58","modified_gmt":"2026-04-26T02:24:58","slug":"te-verde-frio-con-miel-y-limon","status":"publish","type":"product","link":"https:\/\/unifranz.ejesrl.net\/musas\/producto\/te-verde-frio-con-miel-y-limon\/","title":{"rendered":"T\u00e9 verde fr\u00edo con miel y lim\u00f3n"},"content":{"rendered":"<p>Refrescante infusi\u00f3n de t\u00e9 verde servida fr\u00eda, combinada con un toque de lim\u00f3n que resalta sus notas naturales y aporta una sensaci\u00f3n ligera, c\u00edtrica y revitalizante.<\/p>\n","protected":false},"excerpt":{"rendered":"<p>T\u00e9 verde fr\u00edo con lim\u00f3n.<\/p>\n","protected":false},"featured_media":244,"comment_status":"open","ping_status":"closed","template":"","meta":[],"product_brand":[],"product_cat":[19],"product_tag":[],"class_list":{"0":"post-77","1":"product","2":"type-product","3":"status-publish","4":"has-post-thumbnail","6":"product_cat-bebidas-frias-sin-cafe","7":"description-off","9":"first","10":"instock","11":"taxable","12":"shipping-taxable","13":"purchasable","14":"product-type-simple"},"_links":{"self":[{"href":"https:\/\/unifranz.ejesrl.net\/musas\/wp-json\/wp\/v2\/product\/77","targetHints":{"allow":["GET"]}}],"collection":[{"href":"https:\/\/unifranz.ejesrl.net\/musas\/wp-json\/wp\/v2\/product"}],"about":[{"href":"https:\/\/unifranz.ejesrl.net\/musas\/wp-json\/wp\/v2\/types\/product"}],"replies":[{"embeddable":true,"href":"https:\/\/unifranz.ejesrl.net\/musas\/wp-json\/wp\/v2\/comments?post=77"}],"wp:featuredmedia":[{"embeddable":true,"href":"https:\/\/unifranz.ejesrl.net\/musas\/wp-json\/wp\/v2\/media\/244"}],"wp:attachment":[{"href":"https:\/\/unifranz.ejesrl.net\/musas\/wp-json\/wp\/v2\/media?parent=77"}],"wp:term":[{"taxonomy":"product_brand","embeddable":true,"href":"https:\/\/unifranz.ejesrl.net\/musas\/wp-json\/wp\/v2\/product_brand?post=77"},{"taxonomy":"product_cat","embeddable":true,"href":"https:\/\/unifranz.ejesrl.net\/musas\/wp-json\/wp\/v2\/product_cat?post=77"},{"taxonomy":"product_tag","embeddable":true,"href":"https:\/\/unifranz.ejesrl.net\/musas\/wp-json\/wp\/v2\/product_tag?post=77"}],"curies":[{"name":"wp","href":"https:\/\/api.w.org\/{rel}","templated":true}]}}