{"id":76,"date":"2026-03-21T21:23:56","date_gmt":"2026-03-21T21:23:56","guid":{"rendered":"https:\/\/musas.mercadolacancha.com\/producto\/iced-tea-clasico\/"},"modified":"2026-04-27T14:57:57","modified_gmt":"2026-04-27T14:57:57","slug":"iced-tea-clasico","status":"publish","type":"product","link":"https:\/\/unifranz.ejesrl.net\/musas\/producto\/iced-tea-clasico\/","title":{"rendered":"Iced tea cl\u00e1sico"},"content":{"rendered":"<p>Bebida refrescante elaborada a base de t\u00e9 fr\u00edo, ligera y equilibrada, ideal para hidratarse y disfrutar de un sabor suave y natural en cualquier momento del d\u00eda.<\/p>\n","protected":false},"excerpt":{"rendered":"<p>T\u00e9 fr\u00edo cl\u00e1sico y refrescante.<\/p>\n","protected":false},"featured_media":255,"comment_status":"open","ping_status":"closed","template":"","meta":[],"product_brand":[],"product_cat":[19],"product_tag":[],"class_list":{"0":"post-76","1":"product","2":"type-product","3":"status-publish","4":"has-post-thumbnail","6":"product_cat-bebidas-frias-sin-cafe","7":"description-off","9":"first","10":"instock","11":"taxable","12":"shipping-taxable","13":"purchasable","14":"product-type-simple"},"_links":{"self":[{"href":"https:\/\/unifranz.ejesrl.net\/musas\/wp-json\/wp\/v2\/product\/76","targetHints":{"allow":["GET"]}}],"collection":[{"href":"https:\/\/unifranz.ejesrl.net\/musas\/wp-json\/wp\/v2\/product"}],"about":[{"href":"https:\/\/unifranz.ejesrl.net\/musas\/wp-json\/wp\/v2\/types\/product"}],"replies":[{"embeddable":true,"href":"https:\/\/unifranz.ejesrl.net\/musas\/wp-json\/wp\/v2\/comments?post=76"}],"wp:featuredmedia":[{"embeddable":true,"href":"https:\/\/unifranz.ejesrl.net\/musas\/wp-json\/wp\/v2\/media\/255"}],"wp:attachment":[{"href":"https:\/\/unifranz.ejesrl.net\/musas\/wp-json\/wp\/v2\/media?parent=76"}],"wp:term":[{"taxonomy":"product_brand","embeddable":true,"href":"https:\/\/unifranz.ejesrl.net\/musas\/wp-json\/wp\/v2\/product_brand?post=76"},{"taxonomy":"product_cat","embeddable":true,"href":"https:\/\/unifranz.ejesrl.net\/musas\/wp-json\/wp\/v2\/product_cat?post=76"},{"taxonomy":"product_tag","embeddable":true,"href":"https:\/\/unifranz.ejesrl.net\/musas\/wp-json\/wp\/v2\/product_tag?post=76"}],"curies":[{"name":"wp","href":"https:\/\/api.w.org\/{rel}","templated":true}]}}