{"id":64,"date":"2026-03-21T21:23:53","date_gmt":"2026-03-21T21:23:53","guid":{"rendered":"https:\/\/musas.mercadolacancha.com\/producto\/frapuccino\/"},"modified":"2026-04-27T15:37:18","modified_gmt":"2026-04-27T15:37:18","slug":"frapuccino","status":"publish","type":"product","link":"https:\/\/unifranz.ejesrl.net\/musas\/producto\/frapuccino\/","title":{"rendered":"Frapuccino"},"content":{"rendered":"<p>Bebida fr\u00eda y cremosa a base de caf\u00e9, hielo y leche, mezclada hasta obtener una textura suave tipo frapp\u00e9, disponible en sabores como Oreo, vainilla, dulce de leche, chocolate o cookies, ideal para disfrutar como un antojo dulce y refrescante.<\/p>\n","protected":false},"excerpt":{"rendered":"<p>Caf\u00e9 frapp\u00e9 cremoso.<\/p>\n","protected":false},"featured_media":273,"comment_status":"open","ping_status":"closed","template":"","meta":[],"product_brand":[],"product_cat":[18],"product_tag":[],"class_list":{"0":"post-64","1":"product","2":"type-product","3":"status-publish","4":"has-post-thumbnail","6":"product_cat-bebidas-frias-con-cafe","7":"description-off","9":"first","10":"instock","11":"taxable","12":"shipping-taxable","13":"purchasable","14":"product-type-simple"},"_links":{"self":[{"href":"https:\/\/unifranz.ejesrl.net\/musas\/wp-json\/wp\/v2\/product\/64","targetHints":{"allow":["GET"]}}],"collection":[{"href":"https:\/\/unifranz.ejesrl.net\/musas\/wp-json\/wp\/v2\/product"}],"about":[{"href":"https:\/\/unifranz.ejesrl.net\/musas\/wp-json\/wp\/v2\/types\/product"}],"replies":[{"embeddable":true,"href":"https:\/\/unifranz.ejesrl.net\/musas\/wp-json\/wp\/v2\/comments?post=64"}],"wp:featuredmedia":[{"embeddable":true,"href":"https:\/\/unifranz.ejesrl.net\/musas\/wp-json\/wp\/v2\/media\/273"}],"wp:attachment":[{"href":"https:\/\/unifranz.ejesrl.net\/musas\/wp-json\/wp\/v2\/media?parent=64"}],"wp:term":[{"taxonomy":"product_brand","embeddable":true,"href":"https:\/\/unifranz.ejesrl.net\/musas\/wp-json\/wp\/v2\/product_brand?post=64"},{"taxonomy":"product_cat","embeddable":true,"href":"https:\/\/unifranz.ejesrl.net\/musas\/wp-json\/wp\/v2\/product_cat?post=64"},{"taxonomy":"product_tag","embeddable":true,"href":"https:\/\/unifranz.ejesrl.net\/musas\/wp-json\/wp\/v2\/product_tag?post=64"}],"curies":[{"name":"wp","href":"https:\/\/api.w.org\/{rel}","templated":true}]}}