{"id":63,"date":"2026-03-21T21:23:53","date_gmt":"2026-03-21T21:23:53","guid":{"rendered":"https:\/\/musas.mercadolacancha.com\/producto\/ice-latte\/"},"modified":"2026-04-27T15:40:47","modified_gmt":"2026-04-27T15:40:47","slug":"ice-latte","status":"publish","type":"product","link":"https:\/\/unifranz.ejesrl.net\/musas\/producto\/ice-latte\/","title":{"rendered":"Ice latte"},"content":{"rendered":"<p data-start=\"190\" data-end=\"364\">Refrescante bebida a base de espresso, leche y hielo, de sabor suave y equilibrado, ideal para disfrutar el caf\u00e9 en una versi\u00f3n ligera y cremosa en cualquier momento del d\u00eda.<\/p>\n","protected":false},"excerpt":{"rendered":"<p>Caf\u00e9 fr\u00edo con leche.<\/p>\n","protected":false},"featured_media":275,"comment_status":"open","ping_status":"closed","template":"","meta":[],"product_brand":[],"product_cat":[18],"product_tag":[],"class_list":{"0":"post-63","1":"product","2":"type-product","3":"status-publish","4":"has-post-thumbnail","6":"product_cat-bebidas-frias-con-cafe","7":"description-off","9":"first","10":"instock","11":"taxable","12":"shipping-taxable","13":"purchasable","14":"product-type-simple"},"_links":{"self":[{"href":"https:\/\/unifranz.ejesrl.net\/musas\/wp-json\/wp\/v2\/product\/63","targetHints":{"allow":["GET"]}}],"collection":[{"href":"https:\/\/unifranz.ejesrl.net\/musas\/wp-json\/wp\/v2\/product"}],"about":[{"href":"https:\/\/unifranz.ejesrl.net\/musas\/wp-json\/wp\/v2\/types\/product"}],"replies":[{"embeddable":true,"href":"https:\/\/unifranz.ejesrl.net\/musas\/wp-json\/wp\/v2\/comments?post=63"}],"wp:featuredmedia":[{"embeddable":true,"href":"https:\/\/unifranz.ejesrl.net\/musas\/wp-json\/wp\/v2\/media\/275"}],"wp:attachment":[{"href":"https:\/\/unifranz.ejesrl.net\/musas\/wp-json\/wp\/v2\/media?parent=63"}],"wp:term":[{"taxonomy":"product_brand","embeddable":true,"href":"https:\/\/unifranz.ejesrl.net\/musas\/wp-json\/wp\/v2\/product_brand?post=63"},{"taxonomy":"product_cat","embeddable":true,"href":"https:\/\/unifranz.ejesrl.net\/musas\/wp-json\/wp\/v2\/product_cat?post=63"},{"taxonomy":"product_tag","embeddable":true,"href":"https:\/\/unifranz.ejesrl.net\/musas\/wp-json\/wp\/v2\/product_tag?post=63"}],"curies":[{"name":"wp","href":"https:\/\/api.w.org\/{rel}","templated":true}]}}