{"id":104,"date":"2026-03-21T21:24:06","date_gmt":"2026-03-21T21:24:06","guid":{"rendered":"https:\/\/musas.mercadolacancha.com\/producto\/torta-de-tres-leches\/"},"modified":"2026-04-25T01:42:17","modified_gmt":"2026-04-25T01:42:17","slug":"torta-de-tres-leches","status":"publish","type":"product","link":"https:\/\/unifranz.ejesrl.net\/musas\/producto\/torta-de-tres-leches\/","title":{"rendered":"Torta de tres leches"},"content":{"rendered":"<p>Suave y esponjoso bizcocho ba\u00f1ado en una mezcla de tres leches que le aporta una textura h\u00fameda y delicada, coronado con una ligera capa de crema que realza su dulzura y lo convierte en un cl\u00e1sico irresistible.<\/p>\n","protected":false},"excerpt":{"rendered":"<p>Bizcocho h\u00famedo en tres leches.<\/p>\n","protected":false},"featured_media":186,"comment_status":"open","ping_status":"closed","template":"","meta":[],"product_brand":[],"product_cat":[25],"product_tag":[],"class_list":{"0":"post-104","1":"product","2":"type-product","3":"status-publish","4":"has-post-thumbnail","6":"product_cat-reposteria","7":"description-off","9":"first","10":"instock","11":"taxable","12":"shipping-taxable","13":"purchasable","14":"product-type-simple"},"_links":{"self":[{"href":"https:\/\/unifranz.ejesrl.net\/musas\/wp-json\/wp\/v2\/product\/104","targetHints":{"allow":["GET"]}}],"collection":[{"href":"https:\/\/unifranz.ejesrl.net\/musas\/wp-json\/wp\/v2\/product"}],"about":[{"href":"https:\/\/unifranz.ejesrl.net\/musas\/wp-json\/wp\/v2\/types\/product"}],"replies":[{"embeddable":true,"href":"https:\/\/unifranz.ejesrl.net\/musas\/wp-json\/wp\/v2\/comments?post=104"}],"wp:featuredmedia":[{"embeddable":true,"href":"https:\/\/unifranz.ejesrl.net\/musas\/wp-json\/wp\/v2\/media\/186"}],"wp:attachment":[{"href":"https:\/\/unifranz.ejesrl.net\/musas\/wp-json\/wp\/v2\/media?parent=104"}],"wp:term":[{"taxonomy":"product_brand","embeddable":true,"href":"https:\/\/unifranz.ejesrl.net\/musas\/wp-json\/wp\/v2\/product_brand?post=104"},{"taxonomy":"product_cat","embeddable":true,"href":"https:\/\/unifranz.ejesrl.net\/musas\/wp-json\/wp\/v2\/product_cat?post=104"},{"taxonomy":"product_tag","embeddable":true,"href":"https:\/\/unifranz.ejesrl.net\/musas\/wp-json\/wp\/v2\/product_tag?post=104"}],"curies":[{"name":"wp","href":"https:\/\/api.w.org\/{rel}","templated":true}]}}