{"id":316,"date":"2026-04-27T23:23:28","date_gmt":"2026-04-27T23:23:28","guid":{"rendered":"https:\/\/unifranz.ejesrl.net\/musas\/?page_id=316"},"modified":"2026-04-27T23:23:29","modified_gmt":"2026-04-27T23:23:29","slug":"guia-de-maridaje-para-lectores","status":"publish","type":"page","link":"https:\/\/unifranz.ejesrl.net\/musas\/guia-de-maridaje-para-lectores\/","title":{"rendered":"Gu\u00eda de Maridaje para Lectores"},"content":{"rendered":"\n<p>En la paleta de colores de Vincent, cada tono ten\u00eda su raz\u00f3n de ser. En nuestra mesa, cada bocado est\u00e1 dise\u00f1ado para resaltar las notas de tu caf\u00e9. Descubre la gu\u00eda definitiva para encontrar la pareja ideal de tu bebida favorita<\/p>\n","protected":false},"excerpt":{"rendered":"<p>En la paleta de colores de Vincent, cada tono ten\u00eda su raz\u00f3n de ser. En nuestra mesa, cada bocado est\u00e1 dise\u00f1ado para resaltar las notas de tu caf\u00e9. Descubre la gu\u00eda definitiva para encontrar la pareja ideal de tu bebida favorita<\/p>\n","protected":false},"author":2,"featured_media":0,"parent":0,"menu_order":0,"comment_status":"closed","ping_status":"closed","template":"","meta":{"footnotes":""},"class_list":["post-316","page","type-page","status-publish","hentry","description-off"],"_links":{"self":[{"href":"https:\/\/unifranz.ejesrl.net\/musas\/wp-json\/wp\/v2\/pages\/316","targetHints":{"allow":["GET"]}}],"collection":[{"href":"https:\/\/unifranz.ejesrl.net\/musas\/wp-json\/wp\/v2\/pages"}],"about":[{"href":"https:\/\/unifranz.ejesrl.net\/musas\/wp-json\/wp\/v2\/types\/page"}],"author":[{"embeddable":true,"href":"https:\/\/unifranz.ejesrl.net\/musas\/wp-json\/wp\/v2\/users\/2"}],"replies":[{"embeddable":true,"href":"https:\/\/unifranz.ejesrl.net\/musas\/wp-json\/wp\/v2\/comments?post=316"}],"version-history":[{"count":1,"href":"https:\/\/unifranz.ejesrl.net\/musas\/wp-json\/wp\/v2\/pages\/316\/revisions"}],"predecessor-version":[{"id":317,"href":"https:\/\/unifranz.ejesrl.net\/musas\/wp-json\/wp\/v2\/pages\/316\/revisions\/317"}],"wp:attachment":[{"href":"https:\/\/unifranz.ejesrl.net\/musas\/wp-json\/wp\/v2\/media?parent=316"}],"curies":[{"name":"wp","href":"https:\/\/api.w.org\/{rel}","templated":true}]}}