{"id":150,"date":"2026-03-30T22:21:46","date_gmt":"2026-03-30T22:21:46","guid":{"rendered":"https:\/\/musas.mercadolacancha.com\/?page_id=150"},"modified":"2026-04-27T23:23:52","modified_gmt":"2026-04-27T23:23:52","slug":"blog","status":"publish","type":"page","link":"https:\/\/unifranz.ejesrl.net\/musas\/blog\/","title":{"rendered":"Blog"},"content":{"rendered":"\n<p><\/p>\n\n\n\n<figure class=\"wp-block-embed is-type-wp-embed is-provider-musas-cafeteria wp-block-embed-musas-cafeteria\"><div class=\"wp-block-embed__wrapper\">\n<blockquote class=\"wp-embedded-content\" data-secret=\"j1GU27OrfE\"><a href=\"https:\/\/unifranz.ejesrl.net\/musas\/la-guia-del-cafe-segun-tu-estado-de-animo\/\">La gu\u00eda del caf\u00e9 seg\u00fan tu estado de \u00e1nimo<\/a><\/blockquote><iframe loading=\"lazy\" class=\"wp-embedded-content\" sandbox=\"allow-scripts\" security=\"restricted\" style=\"position: absolute; visibility: hidden;\" title=\"\u00abLa gu\u00eda del caf\u00e9 seg\u00fan tu estado de \u00e1nimo\u00bb \u2014 Musas Cafeteria\" src=\"https:\/\/unifranz.ejesrl.net\/musas\/la-guia-del-cafe-segun-tu-estado-de-animo\/embed\/#?secret=pGDW3NTtUE#?secret=j1GU27OrfE\" data-secret=\"j1GU27OrfE\" width=\"600\" height=\"338\" frameborder=\"0\" marginwidth=\"0\" marginheight=\"0\" scrolling=\"no\"><\/iframe>\n<\/div><\/figure>\n\n\n\n<figure class=\"wp-block-embed is-type-wp-embed is-provider-musas-cafeteria wp-block-embed-musas-cafeteria\"><div class=\"wp-block-embed__wrapper\">\n<blockquote class=\"wp-embedded-content\" data-secret=\"aiFrtbhqOf\"><a href=\"https:\/\/unifranz.ejesrl.net\/musas\/el-especial-del-mes\/\">El especial del mes<\/a><\/blockquote><iframe loading=\"lazy\" class=\"wp-embedded-content\" sandbox=\"allow-scripts\" security=\"restricted\" style=\"position: absolute; visibility: hidden;\" title=\"\u00abEl especial del mes\u00bb \u2014 Musas Cafeteria\" src=\"https:\/\/unifranz.ejesrl.net\/musas\/el-especial-del-mes\/embed\/#?secret=v01zRtHV7b#?secret=aiFrtbhqOf\" data-secret=\"aiFrtbhqOf\" width=\"600\" height=\"338\" frameborder=\"0\" marginwidth=\"0\" marginheight=\"0\" scrolling=\"no\"><\/iframe>\n<\/div><\/figure>\n\n\n\n<figure class=\"wp-block-embed is-type-wp-embed is-provider-musas-cafeteria wp-block-embed-musas-cafeteria\"><div class=\"wp-block-embed__wrapper\">\n<blockquote class=\"wp-embedded-content\" data-secret=\"8cq8ie8AIu\"><a href=\"https:\/\/unifranz.ejesrl.net\/musas\/guia-de-maridaje-para-lectores\/\">Gu\u00eda de Maridaje para Lectores<\/a><\/blockquote><iframe loading=\"lazy\" class=\"wp-embedded-content\" sandbox=\"allow-scripts\" security=\"restricted\" style=\"position: absolute; visibility: hidden;\" title=\"\u00abGu\u00eda de Maridaje para Lectores\u00bb \u2014 Musas Cafeteria\" src=\"https:\/\/unifranz.ejesrl.net\/musas\/guia-de-maridaje-para-lectores\/embed\/#?secret=lAzUMIILIp#?secret=8cq8ie8AIu\" data-secret=\"8cq8ie8AIu\" width=\"600\" height=\"338\" frameborder=\"0\" marginwidth=\"0\" marginheight=\"0\" scrolling=\"no\"><\/iframe>\n<\/div><\/figure>\n","protected":false},"excerpt":{"rendered":"<p>https:\/\/unifranz.ejesrl.net\/musas\/la-guia-del-cafe-segun-tu-estado-de-animo\/ https:\/\/unifranz.ejesrl.net\/musas\/el-especial-del-mes\/ https:\/\/unifranz.ejesrl.net\/musas\/guia-de-maridaje-para-lectores\/<\/p>\n","protected":false},"author":1,"featured_media":0,"parent":0,"menu_order":0,"comment_status":"closed","ping_status":"closed","template":"template-blog-masonry.php","meta":{"footnotes":""},"class_list":["post-150","page","type-page","status-publish","hentry","description-off"],"_links":{"self":[{"href":"https:\/\/unifranz.ejesrl.net\/musas\/wp-json\/wp\/v2\/pages\/150","targetHints":{"allow":["GET"]}}],"collection":[{"href":"https:\/\/unifranz.ejesrl.net\/musas\/wp-json\/wp\/v2\/pages"}],"about":[{"href":"https:\/\/unifranz.ejesrl.net\/musas\/wp-json\/wp\/v2\/types\/page"}],"author":[{"embeddable":true,"href":"https:\/\/unifranz.ejesrl.net\/musas\/wp-json\/wp\/v2\/users\/1"}],"replies":[{"embeddable":true,"href":"https:\/\/unifranz.ejesrl.net\/musas\/wp-json\/wp\/v2\/comments?post=150"}],"version-history":[{"count":10,"href":"https:\/\/unifranz.ejesrl.net\/musas\/wp-json\/wp\/v2\/pages\/150\/revisions"}],"predecessor-version":[{"id":318,"href":"https:\/\/unifranz.ejesrl.net\/musas\/wp-json\/wp\/v2\/pages\/150\/revisions\/318"}],"wp:attachment":[{"href":"https:\/\/unifranz.ejesrl.net\/musas\/wp-json\/wp\/v2\/media?parent=150"}],"curies":[{"name":"wp","href":"https:\/\/api.w.org\/{rel}","templated":true}]}}