{"id":45,"date":"2026-04-20T18:29:55","date_gmt":"2026-04-20T22:29:55","guid":{"rendered":"https:\/\/kechurros.mercadolacancha.com\/?post_type=product&#038;p=45"},"modified":"2026-04-20T18:37:42","modified_gmt":"2026-04-20T22:37:42","slug":"churros","status":"publish","type":"product","link":"https:\/\/unifranz.ejesrl.net\/kechurros\/product\/churros\/","title":{"rendered":"Churros"},"content":{"rendered":"<p>Los churros pueden ser los originales cubiertos con az\u00facar o con chocolate fundido, nata o caramelo, tambi\u00e9n en versi\u00f3n salada y no es raro encontrarlos con crema de ajo o de bacalao.<\/p>\n","protected":false},"excerpt":{"rendered":"<p>Churros originales<\/p>\n","protected":false},"featured_media":46,"comment_status":"open","ping_status":"closed","template":"","meta":[],"product_brand":[],"product_cat":[18],"product_tag":[],"class_list":{"0":"post-45","1":"product","2":"type-product","3":"status-publish","4":"has-post-thumbnail","6":"product_cat-churros","7":"description-off","9":"first","10":"instock","11":"shipping-taxable","12":"purchasable","13":"product-type-variable"},"_links":{"self":[{"href":"https:\/\/unifranz.ejesrl.net\/kechurros\/wp-json\/wp\/v2\/product\/45","targetHints":{"allow":["GET"]}}],"collection":[{"href":"https:\/\/unifranz.ejesrl.net\/kechurros\/wp-json\/wp\/v2\/product"}],"about":[{"href":"https:\/\/unifranz.ejesrl.net\/kechurros\/wp-json\/wp\/v2\/types\/product"}],"replies":[{"embeddable":true,"href":"https:\/\/unifranz.ejesrl.net\/kechurros\/wp-json\/wp\/v2\/comments?post=45"}],"wp:featuredmedia":[{"embeddable":true,"href":"https:\/\/unifranz.ejesrl.net\/kechurros\/wp-json\/wp\/v2\/media\/46"}],"wp:attachment":[{"href":"https:\/\/unifranz.ejesrl.net\/kechurros\/wp-json\/wp\/v2\/media?parent=45"}],"wp:term":[{"taxonomy":"product_brand","embeddable":true,"href":"https:\/\/unifranz.ejesrl.net\/kechurros\/wp-json\/wp\/v2\/product_brand?post=45"},{"taxonomy":"product_cat","embeddable":true,"href":"https:\/\/unifranz.ejesrl.net\/kechurros\/wp-json\/wp\/v2\/product_cat?post=45"},{"taxonomy":"product_tag","embeddable":true,"href":"https:\/\/unifranz.ejesrl.net\/kechurros\/wp-json\/wp\/v2\/product_tag?post=45"}],"curies":[{"name":"wp","href":"https:\/\/api.w.org\/{rel}","templated":true}]}}