{"id":99,"date":"2026-04-13T23:36:53","date_gmt":"2026-04-13T23:36:53","guid":{"rendered":"https:\/\/howlita.mercadolacancha.com\/?post_type=product&#038;p=99"},"modified":"2026-04-27T23:01:17","modified_gmt":"2026-04-27T23:01:17","slug":"bloomsy","status":"publish","type":"product","link":"https:\/\/unifranz.ejesrl.net\/howlita\/product\/bloomsy\/","title":{"rendered":"Bloomsy"},"content":{"rendered":"<p data-path-to-node=\"3\"><b data-path-to-node=\"3\" data-index-in-node=\"0\">Bloomsy<\/b> no es solo una joya, es el equilibrio entre la delicadeza y el car\u00e1cter. Esta cadena dorada, coronada por un dije de flor negra, crea un contraste magn\u00e9tico dise\u00f1ado para quienes buscan destacar con sofisticaci\u00f3n absoluta.<\/p>\n<p data-path-to-node=\"4\"><strong>\u00bfQu\u00e9 la hace especial?<\/strong><\/p>\n<ul data-path-to-node=\"5\">\n<li>\n<p data-path-to-node=\"5,0,0\"><b data-path-to-node=\"5,0,0\" data-index-in-node=\"0\">Dise\u00f1o Vers\u00e1til:<\/b> Su est\u00e9tica minimalista la convierte en el aliado ideal: eleva un <i data-path-to-node=\"5,0,0\" data-index-in-node=\"83\">look<\/i> casual de oficina y a\u00f1ade distinci\u00f3n a un vestido de noche.<\/p>\n<\/li>\n<li>\n<p data-path-to-node=\"5,1,0\"><b data-path-to-node=\"5,1,0\" data-index-in-node=\"0\">Esencia \u00danica:<\/b> Parte de nuestra nueva colecci\u00f3n inspirada en la fuerza de lo simple, esta pieza celebra el detalle como m\u00e1xima expresi\u00f3n de estilo.<\/p>\n<\/li>\n<li>\n<p data-path-to-node=\"5,2,0\"><b data-path-to-node=\"5,2,0\" data-index-in-node=\"0\">Calidad y Brillo:<\/b> El acabado dorado resalta la profundidad del negro, asegurando que todas las miradas se posen en ti.<\/p>\n<\/li>\n<\/ul>\n<p data-path-to-node=\"6\">Bloomsy es esa pieza clave que te har\u00e1 sentir segura, aut\u00e9ntica y lista para cualquier ocasi\u00f3n.<\/p>\n","protected":false},"excerpt":{"rendered":"<p>Bloomsy: El toque que te faltaba<\/p>\n","protected":false},"featured_media":48,"comment_status":"open","ping_status":"closed","template":"","meta":[],"product_brand":[],"product_cat":[17],"product_tag":[18],"class_list":{"0":"post-99","1":"product","2":"type-product","3":"status-publish","4":"has-post-thumbnail","6":"product_cat-uncategorized","7":"product_tag-collares","8":"description-off","10":"first","11":"instock","12":"shipping-taxable","13":"purchasable","14":"product-type-simple"},"_links":{"self":[{"href":"https:\/\/unifranz.ejesrl.net\/howlita\/wp-json\/wp\/v2\/product\/99","targetHints":{"allow":["GET"]}}],"collection":[{"href":"https:\/\/unifranz.ejesrl.net\/howlita\/wp-json\/wp\/v2\/product"}],"about":[{"href":"https:\/\/unifranz.ejesrl.net\/howlita\/wp-json\/wp\/v2\/types\/product"}],"replies":[{"embeddable":true,"href":"https:\/\/unifranz.ejesrl.net\/howlita\/wp-json\/wp\/v2\/comments?post=99"}],"wp:featuredmedia":[{"embeddable":true,"href":"https:\/\/unifranz.ejesrl.net\/howlita\/wp-json\/wp\/v2\/media\/48"}],"wp:attachment":[{"href":"https:\/\/unifranz.ejesrl.net\/howlita\/wp-json\/wp\/v2\/media?parent=99"}],"wp:term":[{"taxonomy":"product_brand","embeddable":true,"href":"https:\/\/unifranz.ejesrl.net\/howlita\/wp-json\/wp\/v2\/product_brand?post=99"},{"taxonomy":"product_cat","embeddable":true,"href":"https:\/\/unifranz.ejesrl.net\/howlita\/wp-json\/wp\/v2\/product_cat?post=99"},{"taxonomy":"product_tag","embeddable":true,"href":"https:\/\/unifranz.ejesrl.net\/howlita\/wp-json\/wp\/v2\/product_tag?post=99"}],"curies":[{"name":"wp","href":"https:\/\/api.w.org\/{rel}","templated":true}]}}