{"id":157,"date":"2026-04-27T22:49:27","date_gmt":"2026-04-27T22:49:27","guid":{"rendered":"https:\/\/unifranz.ejesrl.net\/howlita\/?post_type=product&#038;p=157"},"modified":"2026-04-27T22:51:04","modified_gmt":"2026-04-27T22:51:04","slug":"aurelia-pearl-copia","status":"publish","type":"product","link":"https:\/\/unifranz.ejesrl.net\/howlita\/product\/aurelia-pearl-copia\/","title":{"rendered":"Aurelia Pearl"},"content":{"rendered":"<p>Una joya inspirada en la frescura y serenidad de la naturaleza, donde cada detalle evoca la calma de los paisajes verdes y la pureza de lo org\u00e1nico. Sus delicadas piedras en tonos verdes capturan la luz de manera sutil, creando destellos que transmiten armon\u00eda, equilibrio y una elegancia atemporal. M\u00e1s que un accesorio, es una pieza que conecta con la esencia natural y resalta una belleza aut\u00e9ntica.<\/p>\n<p>Su dise\u00f1o, cuidadosamente pensado, logra un balance perfecto entre lo cl\u00e1sico y lo contempor\u00e1neo, fusionando l\u00edneas limpias con acabados refinados que aportan un aire moderno sin perder sofisticaci\u00f3n. Es una joya que se adapta con facilidad a distintos estilos y momentos, elevando desde un look cotidiano hasta uno m\u00e1s especial con un toque distintivo y delicado.<\/p>\n<p>Vers\u00e1til, ligera y con una personalidad \u00fanica, forma parte de una colecci\u00f3n que celebra la belleza de lo simple, demostrando que menos puede ser mucho m\u00e1s. Cada pieza est\u00e1 creada para acompa\u00f1arte, para destacar tu esencia y complementar tu estilo sin opacarlo, convirti\u00e9ndose en un reflejo sutil pero poderoso de qui\u00e9n eres.<\/p>\n","protected":false},"excerpt":{"rendered":"<p>Elegancia natural que ilumina tu esencia.<\/p>\n","protected":false},"featured_media":61,"comment_status":"open","ping_status":"closed","template":"","meta":[],"product_brand":[],"product_cat":[22,17],"product_tag":[],"class_list":{"0":"post-157","1":"product","2":"type-product","3":"status-publish","4":"has-post-thumbnail","6":"product_cat-collares","7":"product_cat-uncategorized","8":"description-off","10":"first","11":"instock","12":"shipping-taxable","13":"purchasable","14":"product-type-simple"},"_links":{"self":[{"href":"https:\/\/unifranz.ejesrl.net\/howlita\/wp-json\/wp\/v2\/product\/157","targetHints":{"allow":["GET"]}}],"collection":[{"href":"https:\/\/unifranz.ejesrl.net\/howlita\/wp-json\/wp\/v2\/product"}],"about":[{"href":"https:\/\/unifranz.ejesrl.net\/howlita\/wp-json\/wp\/v2\/types\/product"}],"replies":[{"embeddable":true,"href":"https:\/\/unifranz.ejesrl.net\/howlita\/wp-json\/wp\/v2\/comments?post=157"}],"wp:featuredmedia":[{"embeddable":true,"href":"https:\/\/unifranz.ejesrl.net\/howlita\/wp-json\/wp\/v2\/media\/61"}],"wp:attachment":[{"href":"https:\/\/unifranz.ejesrl.net\/howlita\/wp-json\/wp\/v2\/media?parent=157"}],"wp:term":[{"taxonomy":"product_brand","embeddable":true,"href":"https:\/\/unifranz.ejesrl.net\/howlita\/wp-json\/wp\/v2\/product_brand?post=157"},{"taxonomy":"product_cat","embeddable":true,"href":"https:\/\/unifranz.ejesrl.net\/howlita\/wp-json\/wp\/v2\/product_cat?post=157"},{"taxonomy":"product_tag","embeddable":true,"href":"https:\/\/unifranz.ejesrl.net\/howlita\/wp-json\/wp\/v2\/product_tag?post=157"}],"curies":[{"name":"wp","href":"https:\/\/api.w.org\/{rel}","templated":true}]}}