{"id":127,"date":"2026-04-26T21:20:53","date_gmt":"2026-04-26T21:20:53","guid":{"rendered":"https:\/\/unifranz.ejesrl.net\/howlita\/?post_type=product&#038;p=127"},"modified":"2026-04-27T22:53:39","modified_gmt":"2026-04-27T22:53:39","slug":"brisa","status":"publish","type":"product","link":"https:\/\/unifranz.ejesrl.net\/howlita\/product\/brisa\/","title":{"rendered":"Brisa"},"content":{"rendered":"<p>Un collar que juega con el contraste y la armon\u00eda a trav\u00e9s de la combinaci\u00f3n de mostacillas negras y blancas, creando un dise\u00f1o visualmente atractivo y lleno de personalidad. Cada peque\u00f1a pieza est\u00e1 cuidadosamente dispuesta para lograr un equilibrio perfecto entre lo cl\u00e1sico y lo moderno, donde el blanco aporta luz y pureza, mientras el negro a\u00f1ade profundidad y car\u00e1cter. En el centro, un delicado dije de flor se convierte en el punto focal, aportando un toque org\u00e1nico y femenino que suaviza el contraste y a\u00f1ade un aire de frescura natural.<\/p>\n<p>Ligero y vers\u00e1til, este collar es ideal para complementar tanto looks casuales como outfits m\u00e1s pensados, convirti\u00e9ndose en ese detalle especial que eleva cualquier estilo sin esfuerzo. Su dise\u00f1o transmite una est\u00e9tica limpia pero con intenci\u00f3n, perfecta para quienes buscan accesorios con identidad y significado. M\u00e1s que una joya, es una pieza que refleja equilibrio, sencillez y belleza en cada uno de sus elementos.<\/p>\n","protected":false},"excerpt":{"rendered":"<p>Contraste que florece en equilibrio.<\/p>\n","protected":false},"featured_media":128,"comment_status":"open","ping_status":"closed","template":"","meta":[],"product_brand":[],"product_cat":[22],"product_tag":[],"class_list":{"0":"post-127","1":"product","2":"type-product","3":"status-publish","4":"has-post-thumbnail","6":"product_cat-collares","7":"description-off","9":"first","10":"instock","11":"shipping-taxable","12":"purchasable","13":"product-type-simple"},"_links":{"self":[{"href":"https:\/\/unifranz.ejesrl.net\/howlita\/wp-json\/wp\/v2\/product\/127","targetHints":{"allow":["GET"]}}],"collection":[{"href":"https:\/\/unifranz.ejesrl.net\/howlita\/wp-json\/wp\/v2\/product"}],"about":[{"href":"https:\/\/unifranz.ejesrl.net\/howlita\/wp-json\/wp\/v2\/types\/product"}],"replies":[{"embeddable":true,"href":"https:\/\/unifranz.ejesrl.net\/howlita\/wp-json\/wp\/v2\/comments?post=127"}],"wp:featuredmedia":[{"embeddable":true,"href":"https:\/\/unifranz.ejesrl.net\/howlita\/wp-json\/wp\/v2\/media\/128"}],"wp:attachment":[{"href":"https:\/\/unifranz.ejesrl.net\/howlita\/wp-json\/wp\/v2\/media?parent=127"}],"wp:term":[{"taxonomy":"product_brand","embeddable":true,"href":"https:\/\/unifranz.ejesrl.net\/howlita\/wp-json\/wp\/v2\/product_brand?post=127"},{"taxonomy":"product_cat","embeddable":true,"href":"https:\/\/unifranz.ejesrl.net\/howlita\/wp-json\/wp\/v2\/product_cat?post=127"},{"taxonomy":"product_tag","embeddable":true,"href":"https:\/\/unifranz.ejesrl.net\/howlita\/wp-json\/wp\/v2\/product_tag?post=127"}],"curies":[{"name":"wp","href":"https:\/\/api.w.org\/{rel}","templated":true}]}}