{"id":125,"date":"2026-04-26T21:16:49","date_gmt":"2026-04-26T21:16:49","guid":{"rendered":"https:\/\/unifranz.ejesrl.net\/howlita\/?post_type=product&#038;p=125"},"modified":"2026-04-27T22:57:52","modified_gmt":"2026-04-27T22:57:52","slug":"esencia-dorada","status":"publish","type":"product","link":"https:\/\/unifranz.ejesrl.net\/howlita\/product\/esencia-dorada\/","title":{"rendered":"Esencia Dorada"},"content":{"rendered":"<p>Un collar que redefine la elegancia contempor\u00e1nea al fusionar dos mundos en una sola pieza: la suavidad cl\u00e1sica de las perlas y la fuerza moderna de la cadena dorada. Su dise\u00f1o mitad y mitad crea un contraste armonioso que destaca a primera vista, donde las delicadas perlas aportan un brillo sutil y atemporal, mientras la cadena dorada introduce car\u00e1cter, estructura y un toque audaz. Esta combinaci\u00f3n logra un equilibrio perfecto entre lo tradicional y lo actual, convirti\u00e9ndolo en un accesorio \u00fanico que no pasa desapercibido.<\/p>\n<p>Cada detalle est\u00e1 cuidadosamente pensado para ofrecer versatilidad y estilo, permiti\u00e9ndote llevarlo tanto en looks cotidianos como en ocasiones especiales. Es una pieza que se adapta a diferentes personalidades: puede sentirse delicada y femenina o moderna y segura, seg\u00fan c\u00f3mo la combines. M\u00e1s que un collar, es una declaraci\u00f3n de estilo que rompe con lo convencional y celebra la dualidad, record\u00e1ndote que puedes ser sutil y fuerte al mismo tiempo.<\/p>\n","protected":false},"excerpt":{"rendered":"<p>Dos estilos, una sola esencia: el equilibrio perfecto entre lo cl\u00e1sico y lo moderno.<\/p>\n","protected":false},"featured_media":126,"comment_status":"open","ping_status":"closed","template":"","meta":[],"product_brand":[],"product_cat":[22],"product_tag":[],"class_list":{"0":"post-125","1":"product","2":"type-product","3":"status-publish","4":"has-post-thumbnail","6":"product_cat-collares","7":"description-off","9":"first","10":"instock","11":"shipping-taxable","12":"purchasable","13":"product-type-simple"},"_links":{"self":[{"href":"https:\/\/unifranz.ejesrl.net\/howlita\/wp-json\/wp\/v2\/product\/125","targetHints":{"allow":["GET"]}}],"collection":[{"href":"https:\/\/unifranz.ejesrl.net\/howlita\/wp-json\/wp\/v2\/product"}],"about":[{"href":"https:\/\/unifranz.ejesrl.net\/howlita\/wp-json\/wp\/v2\/types\/product"}],"replies":[{"embeddable":true,"href":"https:\/\/unifranz.ejesrl.net\/howlita\/wp-json\/wp\/v2\/comments?post=125"}],"wp:featuredmedia":[{"embeddable":true,"href":"https:\/\/unifranz.ejesrl.net\/howlita\/wp-json\/wp\/v2\/media\/126"}],"wp:attachment":[{"href":"https:\/\/unifranz.ejesrl.net\/howlita\/wp-json\/wp\/v2\/media?parent=125"}],"wp:term":[{"taxonomy":"product_brand","embeddable":true,"href":"https:\/\/unifranz.ejesrl.net\/howlita\/wp-json\/wp\/v2\/product_brand?post=125"},{"taxonomy":"product_cat","embeddable":true,"href":"https:\/\/unifranz.ejesrl.net\/howlita\/wp-json\/wp\/v2\/product_cat?post=125"},{"taxonomy":"product_tag","embeddable":true,"href":"https:\/\/unifranz.ejesrl.net\/howlita\/wp-json\/wp\/v2\/product_tag?post=125"}],"curies":[{"name":"wp","href":"https:\/\/api.w.org\/{rel}","templated":true}]}}