{"id":75,"date":"2026-03-30T23:17:45","date_gmt":"2026-03-30T23:17:45","guid":{"rendered":"https:\/\/howlita.mercadolacancha.com\/?page_id=75"},"modified":"2026-04-27T22:29:38","modified_gmt":"2026-04-27T22:29:38","slug":"contactanos","status":"publish","type":"page","link":"https:\/\/unifranz.ejesrl.net\/howlita\/contactanos\/","title":{"rendered":"Contactanos"},"content":{"rendered":"\n<div class=\"wp-block-group alignfull is-content-justification-center\" style=\"margin-top:0;margin-bottom:0;padding-top:calc( 0.5 * var(--wp--style--root--padding-right, var(--wp--custom--gap--horizontal)));padding-right:var(--wp--style--root--padding-right, var(--wp--custom--gap--horizontal));padding-bottom:calc( 0.5 * var(--wp--style--root--padding-right, var(--wp--custom--gap--horizontal)));padding-left:var(--wp--style--root--padding-left, var(--wp--custom--gap--horizontal))\"><div class=\"wp-block-group__inner-container is-layout-constrained wp-container-core-group-is-layout-b073b61b wp-block-group-is-layout-constrained\">\n<div style=\"height:calc( 0.25 * var(--wp--style--root--padding-right, var(--wp--custom--gap--horizontal)))\" aria-hidden=\"true\" class=\"wp-block-spacer\"><\/div>\n\n\n\n<div class=\"wp-block-columns alignwide are-vertically-aligned-center is-layout-flex wp-container-core-columns-is-layout-6aa4370a wp-block-columns-is-layout-flex\">\n<div class=\"wp-block-column is-vertically-aligned-center is-layout-flow wp-block-column-is-layout-flow\">\n<h2 class=\"wp-block-heading has-xx-large-font-size\"><strong>Howlita<\/strong><\/h2>\n\n\n\n<p>Somos una tienda virtual de joyer\u00eda ubicada en Cochabamba, dedicada a crear piezas \u00fanicas que combinan elegancia, estilo y atenci\u00f3n al detalle. Cada una de nuestras joyas est\u00e1 pensada para resaltar tu esencia y acompa\u00f1arte en cada momento, desde lo cotidiano hasta lo especial.<\/p>\n\n\n\n<p>Trabajamos con dise\u00f1os vers\u00e1tiles y atemporales, ideales para quienes buscan accesorios con personalidad y significado. Nuestro compromiso es ofrecerte calidad, cercan\u00eda y una experiencia de compra simple y confiable.<\/p>\n\n\n\n<div class=\"wp-block-buttons is-layout-flex wp-block-buttons-is-layout-flex\">\n<div class=\"wp-block-button is-style-outline is-style-outline--1\"><a class=\"wp-block-button__link wp-element-button\"><strong>+591 68546456<\/strong><\/a><\/div>\n<\/div>\n<\/div>\n\n\n\n<div class=\"wp-block-column is-vertically-aligned-center is-layout-flow wp-block-column-is-layout-flow\">\n<figure class=\"wp-block-gallery has-nested-images columns-default is-cropped wp-block-gallery-2 is-layout-flex wp-block-gallery-is-layout-flex\">\n<figure class=\"wp-block-image size-large\"><img loading=\"lazy\" decoding=\"async\" width=\"1024\" height=\"1024\" data-id=\"41\" src=\"https:\/\/unifranz.ejesrl.net\/howlita\/wp-content\/uploads\/2026\/03\/HOWLITAfondo-negro-1024x1024.png\" alt=\"\" class=\"wp-image-41\" srcset=\"https:\/\/unifranz.ejesrl.net\/howlita\/wp-content\/uploads\/2026\/03\/HOWLITAfondo-negro-1024x1024.png 1024w, https:\/\/unifranz.ejesrl.net\/howlita\/wp-content\/uploads\/2026\/03\/HOWLITAfondo-negro-300x300.png 300w, https:\/\/unifranz.ejesrl.net\/howlita\/wp-content\/uploads\/2026\/03\/HOWLITAfondo-negro-150x150.png 150w, https:\/\/unifranz.ejesrl.net\/howlita\/wp-content\/uploads\/2026\/03\/HOWLITAfondo-negro-768x768.png 768w, https:\/\/unifranz.ejesrl.net\/howlita\/wp-content\/uploads\/2026\/03\/HOWLITAfondo-negro-1536x1536.png 1536w, https:\/\/unifranz.ejesrl.net\/howlita\/wp-content\/uploads\/2026\/03\/HOWLITAfondo-negro.png 2000w\" sizes=\"auto, (max-width: 1024px) 100vw, 1024px\" \/><\/figure>\n\n\n\n<figure class=\"wp-block-image size-large\"><img loading=\"lazy\" decoding=\"async\" width=\"850\" height=\"1024\" data-id=\"131\" src=\"https:\/\/unifranz.ejesrl.net\/howlita\/wp-content\/uploads\/2026\/04\/475200967_1143418577490496_924833735075790444_n-1-850x1024.jpg\" alt=\"\" class=\"wp-image-131\" srcset=\"https:\/\/unifranz.ejesrl.net\/howlita\/wp-content\/uploads\/2026\/04\/475200967_1143418577490496_924833735075790444_n-1-850x1024.jpg 850w, https:\/\/unifranz.ejesrl.net\/howlita\/wp-content\/uploads\/2026\/04\/475200967_1143418577490496_924833735075790444_n-1-249x300.jpg 249w, https:\/\/unifranz.ejesrl.net\/howlita\/wp-content\/uploads\/2026\/04\/475200967_1143418577490496_924833735075790444_n-1-768x925.jpg 768w, https:\/\/unifranz.ejesrl.net\/howlita\/wp-content\/uploads\/2026\/04\/475200967_1143418577490496_924833735075790444_n-1-1276x1536.jpg 1276w, https:\/\/unifranz.ejesrl.net\/howlita\/wp-content\/uploads\/2026\/04\/475200967_1143418577490496_924833735075790444_n-1-600x723.jpg 600w, https:\/\/unifranz.ejesrl.net\/howlita\/wp-content\/uploads\/2026\/04\/475200967_1143418577490496_924833735075790444_n-1.jpg 1440w\" sizes=\"auto, (max-width: 850px) 100vw, 850px\" \/><\/figure>\n\n\n\n<figure class=\"wp-block-image size-large\"><img decoding=\"async\" data-id=\"61\" src=\"https:\/\/unifranz.ejesrl.net\/howlita\/wp-content\/uploads\/2026\/03\/Screenshot-2026-03-22-204634-e1774227053341.png\" alt=\"\" class=\"wp-image-61\"\/><\/figure>\n\n\n\n<figure class=\"wp-block-image size-large\"><img loading=\"lazy\" decoding=\"async\" width=\"300\" height=\"407\" data-id=\"58\" src=\"https:\/\/unifranz.ejesrl.net\/howlita\/wp-content\/uploads\/2026\/03\/Screenshot-2026-03-22-203901-e1774226372895.png\" alt=\"\" class=\"wp-image-58\"\/><\/figure>\n\n\n\n<figure class=\"wp-block-image size-large\"><img decoding=\"async\" data-id=\"60\" src=\"https:\/\/unifranz.ejesrl.net\/howlita\/wp-content\/uploads\/2026\/03\/Screenshot-2026-03-22-204407-e1774226928377.png\" alt=\"\" class=\"wp-image-60\"\/><\/figure>\n<\/figure>\n<\/div>\n<\/div>\n\n\n\n<div style=\"height:0px\" aria-hidden=\"true\" class=\"wp-block-spacer\"><\/div>\n<\/div><\/div>\n","protected":false},"excerpt":{"rendered":"<p>Howlita Somos una tienda virtual de joyer\u00eda ubicada en Cochabamba, dedicada a crear piezas \u00fanicas que combinan elegancia, estilo y atenci\u00f3n al detalle. Cada una de nuestras joyas est\u00e1 pensada para resaltar tu esencia y acompa\u00f1arte en cada momento, desde lo cotidiano hasta lo especial. Trabajamos con dise\u00f1os vers\u00e1tiles y atemporales, ideales para quienes buscan&hellip;<\/p>\n","protected":false},"author":2,"featured_media":0,"parent":0,"menu_order":0,"comment_status":"closed","ping_status":"closed","template":"","meta":{"footnotes":""},"class_list":["post-75","page","type-page","status-publish","hentry","description-off"],"_links":{"self":[{"href":"https:\/\/unifranz.ejesrl.net\/howlita\/wp-json\/wp\/v2\/pages\/75","targetHints":{"allow":["GET"]}}],"collection":[{"href":"https:\/\/unifranz.ejesrl.net\/howlita\/wp-json\/wp\/v2\/pages"}],"about":[{"href":"https:\/\/unifranz.ejesrl.net\/howlita\/wp-json\/wp\/v2\/types\/page"}],"author":[{"embeddable":true,"href":"https:\/\/unifranz.ejesrl.net\/howlita\/wp-json\/wp\/v2\/users\/2"}],"replies":[{"embeddable":true,"href":"https:\/\/unifranz.ejesrl.net\/howlita\/wp-json\/wp\/v2\/comments?post=75"}],"version-history":[{"count":3,"href":"https:\/\/unifranz.ejesrl.net\/howlita\/wp-json\/wp\/v2\/pages\/75\/revisions"}],"predecessor-version":[{"id":146,"href":"https:\/\/unifranz.ejesrl.net\/howlita\/wp-json\/wp\/v2\/pages\/75\/revisions\/146"}],"wp:attachment":[{"href":"https:\/\/unifranz.ejesrl.net\/howlita\/wp-json\/wp\/v2\/media?parent=75"}],"curies":[{"name":"wp","href":"https:\/\/api.w.org\/{rel}","templated":true}]}}