{"id":73,"date":"2026-03-30T23:16:10","date_gmt":"2026-03-30T23:16:10","guid":{"rendered":"https:\/\/howlita.mercadolacancha.com\/?page_id=73"},"modified":"2026-04-27T23:28:30","modified_gmt":"2026-04-27T23:28:30","slug":"blog","status":"publish","type":"page","link":"https:\/\/unifranz.ejesrl.net\/howlita\/blog\/","title":{"rendered":"Blog"},"content":{"rendered":"<div class=\"wpb-content-wrapper\"><p>[vc_row][vc_column]<style type=\"text\/css\" data-type=\"the7_shortcodes-inline-css\">.blog-shortcode.blog-masonry-shortcode-id-6d3cbe021c8238bcef9c81af1c7be334.dividers-on.classic-layout-list article {\n  padding-top: 0;\n}\n.blog-shortcode.blog-masonry-shortcode-id-6d3cbe021c8238bcef9c81af1c7be334.dividers-on.classic-layout-list article:first-of-type {\n  margin-top: 0;\n  padding-top: 0;\n}\n.blog-shortcode.blog-masonry-shortcode-id-6d3cbe021c8238bcef9c81af1c7be334.classic-layout-list.mode-list .post-entry-content {\n  width: calc(100% - );\n}\n.blog-shortcode.blog-masonry-shortcode-id-6d3cbe021c8238bcef9c81af1c7be334.classic-layout-list.mode-list .no-img .post-entry-content {\n  width: 100%;\n}\n.blog-shortcode.blog-masonry-shortcode-id-6d3cbe021c8238bcef9c81af1c7be334 .filter-bg-decoration .filter-categories a.act {\n  color: #fff;\n}\n.blog-shortcode.blog-masonry-shortcode-id-6d3cbe021c8238bcef9c81af1c7be334:not(.mode-masonry) article:first-of-type,\n.blog-shortcode.blog-masonry-shortcode-id-6d3cbe021c8238bcef9c81af1c7be334:not(.mode-masonry) article.visible.first:not(.product) {\n  margin-top: 0;\n}\n.blog-shortcode.blog-masonry-shortcode-id-6d3cbe021c8238bcef9c81af1c7be334.dividers-on:not(.mode-masonry) article {\n  margin-top: 0;\n}\n.blog-shortcode.blog-masonry-shortcode-id-6d3cbe021c8238bcef9c81af1c7be334.dividers-on:not(.mode-masonry) article:first-of-type,\n.blog-shortcode.blog-masonry-shortcode-id-6d3cbe021c8238bcef9c81af1c7be334.dividers-on:not(.mode-masonry) article.visible.first:not(.product) {\n  margin-top: 0;\n  padding-top: 0;\n}\n.blog-shortcode.blog-masonry-shortcode-id-6d3cbe021c8238bcef9c81af1c7be334 .post-thumbnail-wrap {\n  padding: 0px 0px 0px 0px;\n}\n.blog-shortcode.blog-masonry-shortcode-id-6d3cbe021c8238bcef9c81af1c7be334.enable-bg-rollover .post-thumbnail-rollover:after {\n  background: -webkit-linear-gradient();\n  background: linear-gradient();\n}\n.blog-shortcode.blog-masonry-shortcode-id-6d3cbe021c8238bcef9c81af1c7be334 .gallery-zoom-ico {\n  width: 44px;\n  height: 44px;\n  line-height: 44px;\n  border-radius: 100px;\n  margin: -22px 0 0 -22px;\n  border-width: 0px;\n  color: #ffffff;\n}\n.bottom-overlap-layout-list.blog-shortcode.blog-masonry-shortcode-id-6d3cbe021c8238bcef9c81af1c7be334 .gallery-zoom-ico {\n  margin-top: -72px;\n}\n.gradient-overlay-layout-list.blog-shortcode.blog-masonry-shortcode-id-6d3cbe021c8238bcef9c81af1c7be334 .gallery-zoom-ico,\n.content-rollover-layout-list.blog-shortcode.blog-masonry-shortcode-id-6d3cbe021c8238bcef9c81af1c7be334 .gallery-zoom-ico {\n  margin: 0 0 10px;\n}\n.content-align-center.gradient-overlay-layout-list.blog-shortcode.blog-masonry-shortcode-id-6d3cbe021c8238bcef9c81af1c7be334 .gallery-zoom-ico,\n.content-align-center.content-rollover-layout-list.blog-shortcode.blog-masonry-shortcode-id-6d3cbe021c8238bcef9c81af1c7be334 .gallery-zoom-ico {\n  margin: 0 auto 10px;\n}\n.dt-icon-bg-on.blog-shortcode.blog-masonry-shortcode-id-6d3cbe021c8238bcef9c81af1c7be334 .gallery-zoom-ico {\n  background: rgba(255,255,255,0.3);\n  box-shadow: none;\n}\n.blog-shortcode.blog-masonry-shortcode-id-6d3cbe021c8238bcef9c81af1c7be334 .gallery-zoom-ico > span,\n.blog-shortcode.blog-masonry-shortcode-id-6d3cbe021c8238bcef9c81af1c7be334 .gallery-zoom-ico:before {\n  font-size: 32px;\n  line-height: 44px;\n}\n.blog-shortcode.blog-masonry-shortcode-id-6d3cbe021c8238bcef9c81af1c7be334 .gallery-zoom-ico > span,\n.blog-shortcode.blog-masonry-shortcode-id-6d3cbe021c8238bcef9c81af1c7be334 .gallery-zoom-ico:before {\n  color: #ffffff;\n}\n.blog-shortcode.blog-masonry-shortcode-id-6d3cbe021c8238bcef9c81af1c7be334 .entry-title,\n.blog-shortcode.blog-masonry-shortcode-id-6d3cbe021c8238bcef9c81af1c7be334.owl-carousel .entry-title {\n  margin-bottom: 5px;\n  font-weight: bold;\n}\n.blog-shortcode.blog-masonry-shortcode-id-6d3cbe021c8238bcef9c81af1c7be334 .entry-meta {\n  margin-bottom: 15px;\n}\n.blog-shortcode.blog-masonry-shortcode-id-6d3cbe021c8238bcef9c81af1c7be334 .portfolio-categories {\n  margin-bottom: 15px;\n}\n.blog-shortcode.blog-masonry-shortcode-id-6d3cbe021c8238bcef9c81af1c7be334 .entry-excerpt {\n  margin-bottom: 5px;\n}\n.blog-shortcode.blog-masonry-shortcode-id-6d3cbe021c8238bcef9c81af1c7be334:not(.centered-layout-list) .post-entry-content {\n  padding: 25px 30px 30px 30px;\n}\n.blog-shortcode.blog-masonry-shortcode-id-6d3cbe021c8238bcef9c81af1c7be334:not(.centered-layout-list):not(.content-bg-on):not(.mode-list) .no-img .post-entry-content {\n  padding: 0;\n}\n@media screen and (max-width: ) {\n  .blog-shortcode.blog-masonry-shortcode-id-6d3cbe021c8238bcef9c81af1c7be334 article {\n    -ms-flex-flow: column nowrap;\n    flex-flow: column nowrap;\n    margin-top: 20px;\n  }\n  .blog-shortcode.blog-masonry-shortcode-id-6d3cbe021c8238bcef9c81af1c7be334.dividers-on article {\n    border: none;\n  }\n  .blog-shortcode.blog-masonry-shortcode-id-6d3cbe021c8238bcef9c81af1c7be334.content-bg-on.centered-layout-list article {\n    padding: 0;\n  }\n  .blog-shortcode.blog-masonry-shortcode-id-6d3cbe021c8238bcef9c81af1c7be334.blog-shortcode.dividers-on article,\n  .blog-shortcode.blog-masonry-shortcode-id-6d3cbe021c8238bcef9c81af1c7be334.dividers-on.classic-layout-list article {\n    margin-top: 20px;\n    padding: 0;\n  }\n  .blog-shortcode.blog-masonry-shortcode-id-6d3cbe021c8238bcef9c81af1c7be334.blog-shortcode.dividers-on article:first-of-type,\n  .blog-shortcode.blog-masonry-shortcode-id-6d3cbe021c8238bcef9c81af1c7be334.dividers-on.classic-layout-list article:first-of-type {\n    padding: 0;\n  }\n  #page .blog-shortcode.blog-masonry-shortcode-id-6d3cbe021c8238bcef9c81af1c7be334 .post-thumbnail-wrap,\n  #page .blog-shortcode.blog-masonry-shortcode-id-6d3cbe021c8238bcef9c81af1c7be334 .post-entry-content {\n    width: 100%;\n    margin: 0;\n    top: 0;\n  }\n  #page .blog-shortcode.blog-masonry-shortcode-id-6d3cbe021c8238bcef9c81af1c7be334 .post-thumbnail-wrap {\n    padding: 0;\n  }\n  #page .blog-shortcode.blog-masonry-shortcode-id-6d3cbe021c8238bcef9c81af1c7be334 .post-entry-content:after {\n    display: none;\n  }\n  #page .blog-shortcode.blog-masonry-shortcode-id-6d3cbe021c8238bcef9c81af1c7be334 .project-even .post-thumbnail-wrap,\n  #page .blog-shortcode.blog-masonry-shortcode-id-6d3cbe021c8238bcef9c81af1c7be334.centered-layout-list .post-thumbnail-wrap {\n    -ms-flex-order: 0;\n    order: 0;\n  }\n  #page .blog-shortcode.blog-masonry-shortcode-id-6d3cbe021c8238bcef9c81af1c7be334.centered-layout-list .post-entry-title-content {\n    -ms-flex-order: 1;\n    order: 1;\n    width: 100%;\n    padding: 20px 20px 0;\n  }\n  #page .blog-shortcode.blog-masonry-shortcode-id-6d3cbe021c8238bcef9c81af1c7be334.centered-layout-list .post-entry-content {\n    -ms-flex-order: 2;\n    order: 2;\n    padding-top: 0;\n  }\n  #page .blog-shortcode.blog-masonry-shortcode-id-6d3cbe021c8238bcef9c81af1c7be334 .fancy-categories {\n    top: 10px;\n    left: 10px;\n    bottom: auto;\n    right: auto;\n  }\n  #page .blog-shortcode.blog-masonry-shortcode-id-6d3cbe021c8238bcef9c81af1c7be334 .fancy-date a {\n    top: 10px;\n    right: 10px;\n    left: auto;\n    bottom: auto;\n  }\n  #page .blog-shortcode.blog-masonry-shortcode-id-6d3cbe021c8238bcef9c81af1c7be334 .post-entry-content {\n    padding: 20px;\n  }\n  #page .blog-shortcode.blog-masonry-shortcode-id-6d3cbe021c8238bcef9c81af1c7be334 .entry-title {\n    margin: 3px 0 5px;\n    font-size: 20px;\n    line-height: 26px;\n  }\n  #page .blog-shortcode.blog-masonry-shortcode-id-6d3cbe021c8238bcef9c81af1c7be334 .entry-meta {\n    margin: 5px 0 5px;\n  }\n  #page .blog-shortcode.blog-masonry-shortcode-id-6d3cbe021c8238bcef9c81af1c7be334 .entry-excerpt {\n    margin: 15px 0 0;\n  }\n  #page .blog-shortcode.blog-masonry-shortcode-id-6d3cbe021c8238bcef9c81af1c7be334 .post-details {\n    margin: 5px 0 10px;\n  }\n  #page .blog-shortcode.blog-masonry-shortcode-id-6d3cbe021c8238bcef9c81af1c7be334 .post-details.details-type-link {\n    margin-bottom: 2px;\n  }\n}<\/style><div class=\"blog-shortcode blog-masonry-shortcode-id-6d3cbe021c8238bcef9c81af1c7be334 mode-masonry classic-layout-list content-bg-on jquery-filter scale-img dt-icon-bg-off resize-by-browser-width loading-effect-none description-under-image \" data-padding=\"15px\" data-cur-page=\"1\" data-post-limit=\"-1\" data-pagination-mode=\"none\" data-desktop-columns-num=\"4\" data-v-tablet-columns-num=\"2\" data-h-tablet-columns-num=\"3\" data-phone-columns-num=\"1\" data-width=\"0px\" data-columns=\"0\"><div class=\"iso-container\" ><div class=\"visible wf-cell iso-item\" data-post-id=\"161\" data-date=\"2026-04-27T23:24:06+00:00\" data-name=\"La est\u00e9tica lo es todo.\"><article class=\"post project-odd visible post-161 type-post status-publish format-standard has-post-thumbnail hentry category-uncategorized category-1\" data-name=\"La est\u00e9tica lo es todo.\" data-date=\"2026-04-27T23:24:06+00:00\">\n\n<div class=\"post-thumbnail-wrap\">\n\t<div class=\"post-thumbnail\">\n\t\t\n\t\t\n\t\t<a href=\"https:\/\/unifranz.ejesrl.net\/howlita\/2026\/04\/27\/la-estetica-lo-es-todo\/\" class=\"post-thumbnail-rollover layzr-bg layzr-bg\" ><img fetchpriority=\"high\" decoding=\"async\" class=\"iso-lazy-load preload-me iso-lazy-load aspect\" src=\"data:image\/svg+xml,%3Csvg%20xmlns%3D&#39;http%3A%2F%2Fwww.w3.org%2F2000%2Fsvg&#39;%20viewBox%3D&#39;0%200%20736%20490&#39;%2F%3E\" data-src=\"https:\/\/unifranz.ejesrl.net\/howlita\/wp-content\/uploads\/2026\/04\/11e1cb36978e11bc2df68306a47445d3-e1777332285693-736x490.jpg\" data-srcset=\"https:\/\/unifranz.ejesrl.net\/howlita\/wp-content\/uploads\/2026\/04\/11e1cb36978e11bc2df68306a47445d3-e1777332285693-736x490.jpg 736w\" loading=\"eager\" style=\"--ratio: 736 \/ 490\" sizes=\"(max-width: 736px) 100vw, 736px\" alt=\"\" title=\"11e1cb36978e11bc2df68306a47445d3\" width=\"736\" height=\"490\"  \/><\/a>\t<\/div>\n<\/div>\n\n\n<div class=\"post-entry-content\">\n\n\t<h3 class=\"entry-title\">\n\t\t<a href=\"https:\/\/unifranz.ejesrl.net\/howlita\/2026\/04\/27\/la-estetica-lo-es-todo\/\" title=\"La est\u00e9tica lo es todo.\" rel=\"bookmark\">La est\u00e9tica lo es todo.<\/a>\n\t<\/h3>\n\n\t<div class=\"entry-meta\"><span class=\"category-link\"><a href=\"https:\/\/unifranz.ejesrl.net\/howlita\/category\/uncategorized\/\" >Uncategorized<\/a><\/span><a class=\"author vcard\" href=\"https:\/\/unifranz.ejesrl.net\/howlita\/author\/melanimejiabeltran5gmail-com\/\" title=\"View all posts by \" rel=\"author\">By <span class=\"fn\"><\/span><\/a><a href=\"https:\/\/unifranz.ejesrl.net\/howlita\/2026\/04\/27\/\" title=\"11:24 pm\" class=\"data-link\" rel=\"bookmark\"><time class=\"entry-date updated\" datetime=\"2026-04-27T23:24:06+00:00\">abril 27, 2026<\/time><\/a><a href=\"https:\/\/unifranz.ejesrl.net\/howlita\/2026\/04\/27\/la-estetica-lo-es-todo\/#respond\" class=\"comment-link\" >Leave a comment<\/a><\/div>\n\t<div class=\"entry-excerpt\"><p>1. El Manual de la Invitada Perfecta Las perlas son el accesorio estrella en eventos. Crea gu\u00edas que ayuden a tus clientas a resolver el eterno \u00ab\u00bfqu\u00e9 me pongo?\u00bb. 2. Joyas y Bienestar (Self-Care) Relaciona la belleza de las perlas con el cuidado personal. Las perlas nacen de un proceso de resiliencia dentro de la&hellip;<\/p>\n<\/div>\n\t\n<a href=\"https:\/\/unifranz.ejesrl.net\/howlita\/2026\/04\/27\/la-estetica-lo-es-todo\/\" class=\"post-details details-type-link\" aria-label=\"Read more about La est\u00e9tica lo es todo.\">Read more<i class=\"dt-icon-the7-arrow-03\" aria-hidden=\"true\"><\/i><\/a>\n\n<\/div><\/article><\/div><div class=\"visible wf-cell iso-item\" data-post-id=\"115\" data-date=\"2026-04-20T23:39:24+00:00\" data-name=\"Consejos pr\u00e1cticos para combinar tus joyas de perlas con cualquier atuendo.\"><article class=\"post project-odd visible post-115 type-post status-publish format-standard has-post-thumbnail hentry category-uncategorized category-1\" data-name=\"Consejos pr\u00e1cticos para combinar tus joyas de perlas con cualquier atuendo.\" data-date=\"2026-04-20T23:39:24+00:00\">\n\n<div class=\"post-thumbnail-wrap\">\n\t<div class=\"post-thumbnail\">\n\t\t\n\t\t\n\t\t<a href=\"https:\/\/unifranz.ejesrl.net\/howlita\/2026\/04\/20\/consejos-practicos-para-combinar-tus-joyas-de-perlas-con-cualquier-atuendo\/\" class=\"post-thumbnail-rollover layzr-bg layzr-bg\" ><img decoding=\"async\" class=\"iso-lazy-load preload-me iso-lazy-load aspect\" src=\"data:image\/svg+xml,%3Csvg%20xmlns%3D&#39;http%3A%2F%2Fwww.w3.org%2F2000%2Fsvg&#39;%20viewBox%3D&#39;0%200%20736%20490&#39;%2F%3E\" data-src=\"https:\/\/unifranz.ejesrl.net\/howlita\/wp-content\/uploads\/2026\/04\/168bd0c8c5ba96498465dc910bbc0646-e1777329866986-736x490.jpg\" data-srcset=\"https:\/\/unifranz.ejesrl.net\/howlita\/wp-content\/uploads\/2026\/04\/168bd0c8c5ba96498465dc910bbc0646-e1777329866986-736x490.jpg 736w\" loading=\"eager\" style=\"--ratio: 736 \/ 490\" sizes=\"(max-width: 736px) 100vw, 736px\" alt=\"\" title=\"168bd0c8c5ba96498465dc910bbc0646\" width=\"736\" height=\"490\"  \/><\/a>\t<\/div>\n<\/div>\n\n\n<div class=\"post-entry-content\">\n\n\t<h3 class=\"entry-title\">\n\t\t<a href=\"https:\/\/unifranz.ejesrl.net\/howlita\/2026\/04\/20\/consejos-practicos-para-combinar-tus-joyas-de-perlas-con-cualquier-atuendo\/\" title=\"Consejos pr\u00e1cticos para combinar tus joyas de perlas con cualquier atuendo.\" rel=\"bookmark\">Consejos pr\u00e1cticos para combinar tus joyas de perlas con cualquier atuendo.<\/a>\n\t<\/h3>\n\n\t<div class=\"entry-meta\"><span class=\"category-link\"><a href=\"https:\/\/unifranz.ejesrl.net\/howlita\/category\/uncategorized\/\" >Uncategorized<\/a><\/span><a class=\"author vcard\" href=\"https:\/\/unifranz.ejesrl.net\/howlita\/author\/melanimejiabeltran5gmail-com\/\" title=\"View all posts by \" rel=\"author\">By <span class=\"fn\"><\/span><\/a><a href=\"https:\/\/unifranz.ejesrl.net\/howlita\/2026\/04\/20\/\" title=\"11:39 pm\" class=\"data-link\" rel=\"bookmark\"><time class=\"entry-date updated\" datetime=\"2026-04-20T23:39:24+00:00\">abril 20, 2026<\/time><\/a><a href=\"https:\/\/unifranz.ejesrl.net\/howlita\/2026\/04\/20\/consejos-practicos-para-combinar-tus-joyas-de-perlas-con-cualquier-atuendo\/#respond\" class=\"comment-link\" >Leave a comment<\/a><\/div>\n\t<div class=\"entry-excerpt\"><p>El encanto de las Perlas: Colores suaves y dise\u00f1os con dijes para cada ocasi\u00f3n Las perlas han evolucionado. Ya no se trata solo del cl\u00e1sico collar blanco de una sola vuelta; hoy la tendencia se inclina hacia la&nbsp;delicadeza de los tonos pastel&nbsp;y la personalidad de los&nbsp;dijes. En nuestra colecci\u00f3n, hemos seleccionado perlas en tonalidades que&hellip;<\/p>\n<\/div>\n\t\n<a href=\"https:\/\/unifranz.ejesrl.net\/howlita\/2026\/04\/20\/consejos-practicos-para-combinar-tus-joyas-de-perlas-con-cualquier-atuendo\/\" class=\"post-details details-type-link\" aria-label=\"Read more about Consejos pr\u00e1cticos para combinar tus joyas de perlas con cualquier atuendo.\">Read more<i class=\"dt-icon-the7-arrow-03\" aria-hidden=\"true\"><\/i><\/a>\n\n<\/div><\/article><\/div><div class=\"visible wf-cell iso-item\" data-post-id=\"101\" data-date=\"2026-04-20T23:01:01+00:00\" data-name=\"Siete collares en tendencias que elevan cualquier look\"><article class=\"post project-odd visible post-101 type-post status-publish format-standard has-post-thumbnail hentry category-tendencias category-20\" data-name=\"Siete collares en tendencias que elevan cualquier look\" data-date=\"2026-04-20T23:01:01+00:00\">\n\n<div class=\"post-thumbnail-wrap\">\n\t<div class=\"post-thumbnail\">\n\t\t\n\t\t\n\t\t<a href=\"https:\/\/unifranz.ejesrl.net\/howlita\/2026\/04\/20\/siete-collares-en-tendencias-que-elevan-cualquier-look\/\" class=\"post-thumbnail-rollover layzr-bg layzr-bg\" ><img decoding=\"async\" class=\"iso-lazy-load preload-me iso-lazy-load aspect\" src=\"data:image\/svg+xml,%3Csvg%20xmlns%3D&#39;http%3A%2F%2Fwww.w3.org%2F2000%2Fsvg&#39;%20viewBox%3D&#39;0%200%20768%20512&#39;%2F%3E\" data-src=\"https:\/\/unifranz.ejesrl.net\/howlita\/wp-content\/uploads\/2026\/04\/20ce136287298a1387c4fdd2f9a65fa1-e1777330330432-768x512.jpg\" data-srcset=\"https:\/\/unifranz.ejesrl.net\/howlita\/wp-content\/uploads\/2026\/04\/20ce136287298a1387c4fdd2f9a65fa1-e1777330330432-768x512.jpg 768w, https:\/\/unifranz.ejesrl.net\/howlita\/wp-content\/uploads\/2026\/04\/20ce136287298a1387c4fdd2f9a65fa1-e1777330330432-1140x760.jpg 1140w\" loading=\"eager\" style=\"--ratio: 768 \/ 512\" sizes=\"(max-width: 768px) 100vw, 768px\" alt=\"\" title=\"20ce136287298a1387c4fdd2f9a65fa1\" width=\"768\" height=\"512\"  \/><\/a>\t<\/div>\n<\/div>\n\n\n<div class=\"post-entry-content\">\n\n\t<h3 class=\"entry-title\">\n\t\t<a href=\"https:\/\/unifranz.ejesrl.net\/howlita\/2026\/04\/20\/siete-collares-en-tendencias-que-elevan-cualquier-look\/\" title=\"Siete collares en tendencias que elevan cualquier look\" rel=\"bookmark\">Siete collares en tendencias que elevan cualquier look<\/a>\n\t<\/h3>\n\n\t<div class=\"entry-meta\"><span class=\"category-link\"><a href=\"https:\/\/unifranz.ejesrl.net\/howlita\/category\/moda\/tendencias\/\" >Tendencias<\/a><\/span><a class=\"author vcard\" href=\"https:\/\/unifranz.ejesrl.net\/howlita\/author\/melanimejiabeltran5gmail-com\/\" title=\"View all posts by \" rel=\"author\">By <span class=\"fn\"><\/span><\/a><a href=\"https:\/\/unifranz.ejesrl.net\/howlita\/2026\/04\/20\/\" title=\"11:01 pm\" class=\"data-link\" rel=\"bookmark\"><time class=\"entry-date updated\" datetime=\"2026-04-20T23:01:01+00:00\">abril 20, 2026<\/time><\/a><a href=\"https:\/\/unifranz.ejesrl.net\/howlita\/2026\/04\/20\/siete-collares-en-tendencias-que-elevan-cualquier-look\/#respond\" class=\"comment-link\" >Leave a comment<\/a><\/div>\n\t<div class=\"entry-excerpt\"><p>Cadenas con cierre frontal Est\u00e1s de suerte.\u00a0Las cadenas con cierre frontal intencional se perfilan como una de las siluetas favoritas para 2026\u00a0y desplazan a los perfiles delicados y fr\u00e1giles en favor de un dise\u00f1o m\u00e1s contempor\u00e1neo, casi con inspiraci\u00f3n utilitaria. Engastes\u00a0east-west Colocar la piedra en horizontal cambia sutilmente c\u00f3mo se asienta sobre el cuerpo y&hellip;<\/p>\n<\/div>\n\t\n<a href=\"https:\/\/unifranz.ejesrl.net\/howlita\/2026\/04\/20\/siete-collares-en-tendencias-que-elevan-cualquier-look\/\" class=\"post-details details-type-link\" aria-label=\"Read more about Siete collares en tendencias que elevan cualquier look\">Read more<i class=\"dt-icon-the7-arrow-03\" aria-hidden=\"true\"><\/i><\/a>\n\n<\/div><\/article><\/div><div class=\"visible wf-cell iso-item\" data-post-id=\"80\" data-date=\"2026-03-30T23:32:40+00:00\" data-name=\"Los 6 collares que ser\u00e1n tendencia esta primavera-verano 2026\"><article class=\"post project-odd visible post-80 type-post status-publish format-standard has-post-thumbnail hentry category-moda category-3\" data-name=\"Los 6 collares que ser\u00e1n tendencia esta primavera-verano 2026\" data-date=\"2026-03-30T23:32:40+00:00\">\n\n<div class=\"post-thumbnail-wrap\">\n\t<div class=\"post-thumbnail\">\n\t\t\n\t\t\n\t\t<a href=\"https:\/\/unifranz.ejesrl.net\/howlita\/2026\/03\/30\/los-6-collares-que-seran-tendencia-esta-primavera-verano-2026\/\" class=\"post-thumbnail-rollover layzr-bg layzr-bg\" ><img decoding=\"async\" class=\"iso-lazy-load preload-me iso-lazy-load aspect\" src=\"data:image\/svg+xml,%3Csvg%20xmlns%3D&#39;http%3A%2F%2Fwww.w3.org%2F2000%2Fsvg&#39;%20viewBox%3D&#39;0%200%20768%20512&#39;%2F%3E\" data-src=\"https:\/\/unifranz.ejesrl.net\/howlita\/wp-content\/uploads\/2026\/03\/GettyImages-2268182790-scaled-e1777330035350-768x512.webp\" data-srcset=\"https:\/\/unifranz.ejesrl.net\/howlita\/wp-content\/uploads\/2026\/03\/GettyImages-2268182790-scaled-e1777330035350-768x512.webp 768w, https:\/\/unifranz.ejesrl.net\/howlita\/wp-content\/uploads\/2026\/03\/GettyImages-2268182790-scaled-e1777330035350-1152x768.webp 1152w\" loading=\"eager\" style=\"--ratio: 768 \/ 512\" sizes=\"(max-width: 768px) 100vw, 768px\" alt=\"\" title=\"GettyImages-2268182790\" width=\"768\" height=\"512\"  \/><\/a>\t<\/div>\n<\/div>\n\n\n<div class=\"post-entry-content\">\n\n\t<h3 class=\"entry-title\">\n\t\t<a href=\"https:\/\/unifranz.ejesrl.net\/howlita\/2026\/03\/30\/los-6-collares-que-seran-tendencia-esta-primavera-verano-2026\/\" title=\"Los 6 collares que ser\u00e1n tendencia esta primavera-verano 2026\" rel=\"bookmark\">Los 6 collares que ser\u00e1n tendencia esta primavera-verano 2026<\/a>\n\t<\/h3>\n\n\t<div class=\"entry-meta\"><span class=\"category-link\"><a href=\"https:\/\/unifranz.ejesrl.net\/howlita\/category\/moda\/\" >Moda<\/a><\/span><a class=\"author vcard\" href=\"https:\/\/unifranz.ejesrl.net\/howlita\/author\/melanimejiabeltran5gmail-com\/\" title=\"View all posts by \" rel=\"author\">By <span class=\"fn\"><\/span><\/a><a href=\"https:\/\/unifranz.ejesrl.net\/howlita\/2026\/03\/30\/\" title=\"11:32 pm\" class=\"data-link\" rel=\"bookmark\"><time class=\"entry-date updated\" datetime=\"2026-03-30T23:32:40+00:00\">marzo 30, 2026<\/time><\/a><a href=\"https:\/\/unifranz.ejesrl.net\/howlita\/2026\/03\/30\/los-6-collares-que-seran-tendencia-esta-primavera-verano-2026\/#respond\" class=\"comment-link\" >Leave a comment<\/a><\/div>\n\t<div class=\"entry-excerpt\"><p>Los collares imprescindibles de la temporada Los collares son al verano lo que las bufandas al invierno: un b\u00e1sico imprescindible que define la temporada.&nbsp;Cuando el buen tiempo se asoma, nuestras ganas de adornar con collares \u2013y otras joyas\u2013 nuestros looks va en aumento. De hecho, solo hace falta darse un paseo virtual por el&nbsp;street style&nbsp;de&hellip;<\/p>\n<\/div>\n\t\n<a href=\"https:\/\/unifranz.ejesrl.net\/howlita\/2026\/03\/30\/los-6-collares-que-seran-tendencia-esta-primavera-verano-2026\/\" class=\"post-details details-type-link\" aria-label=\"Read more about Los 6 collares que ser\u00e1n tendencia esta primavera-verano 2026\">Read more<i class=\"dt-icon-the7-arrow-03\" aria-hidden=\"true\"><\/i><\/a>\n\n<\/div><\/article><\/div><\/div><!-- iso-container|iso-grid --><\/div>[\/vc_column][\/vc_row]<\/p>\n<\/div>","protected":false},"excerpt":{"rendered":"<p>[vc_row][vc_column][\/vc_column][\/vc_row]<\/p>\n","protected":false},"author":2,"featured_media":0,"parent":0,"menu_order":0,"comment_status":"closed","ping_status":"closed","template":"template-blog-masonry.php","meta":{"footnotes":""},"class_list":["post-73","page","type-page","status-publish","hentry","description-off"],"_links":{"self":[{"href":"https:\/\/unifranz.ejesrl.net\/howlita\/wp-json\/wp\/v2\/pages\/73","targetHints":{"allow":["GET"]}}],"collection":[{"href":"https:\/\/unifranz.ejesrl.net\/howlita\/wp-json\/wp\/v2\/pages"}],"about":[{"href":"https:\/\/unifranz.ejesrl.net\/howlita\/wp-json\/wp\/v2\/types\/page"}],"author":[{"embeddable":true,"href":"https:\/\/unifranz.ejesrl.net\/howlita\/wp-json\/wp\/v2\/users\/2"}],"replies":[{"embeddable":true,"href":"https:\/\/unifranz.ejesrl.net\/howlita\/wp-json\/wp\/v2\/comments?post=73"}],"version-history":[{"count":3,"href":"https:\/\/unifranz.ejesrl.net\/howlita\/wp-json\/wp\/v2\/pages\/73\/revisions"}],"predecessor-version":[{"id":164,"href":"https:\/\/unifranz.ejesrl.net\/howlita\/wp-json\/wp\/v2\/pages\/73\/revisions\/164"}],"wp:attachment":[{"href":"https:\/\/unifranz.ejesrl.net\/howlita\/wp-json\/wp\/v2\/media?parent=73"}],"curies":[{"name":"wp","href":"https:\/\/api.w.org\/{rel}","templated":true}]}}