{"id":68,"date":"2026-03-30T22:13:11","date_gmt":"2026-03-30T22:13:11","guid":{"rendered":"https:\/\/howlita.mercadolacancha.com\/?page_id=68"},"modified":"2026-04-27T22:39:24","modified_gmt":"2026-04-27T22:39:24","slug":"nosotros","status":"publish","type":"page","link":"https:\/\/unifranz.ejesrl.net\/howlita\/nosotros\/","title":{"rendered":"Nosotros"},"content":{"rendered":"\n<p><\/p>\n\n\n\n<h2 class=\"wp-block-heading has-large-font-size\"><strong>Historia<\/strong><\/h2>\n\n\n\n<p>Howlita es un emprendimiento de joyas creado en 2023, enfocado en ofrecer piezas que combinan elegancia y estilo casual. Cada dise\u00f1o est\u00e1 pensado para adaptarse a diferentes momentos, desde el d\u00eda a d\u00eda hasta ocasiones especiales.<\/p>\n\n\n\n<p>La marca trabaja con colecciones organizadas por categor\u00edas y temporadas, lo que permite renovar constantemente su propuesta y mantenerse en tendencia. Adem\u00e1s, destaca por ofrecer piezas \u00fanicas e incluso personalizadas, brindando a cada cliente la oportunidad de tener una joya especial y con significado propio.<\/p>\n\n\n\n<p>Howlita no solo crea accesorios, sino detalles que reflejan estilo, identidad y autenticidad.<\/p>\n\n\n\n<h2 class=\"wp-block-heading\">Misi\u00f3n<\/h2>\n\n\n\n<p>Dise\u00f1ar y comercializar accesorios artesanales \u00fanicos \u2014pulseras, collares, dijes y joyas con perlas y mostacillas que permitan a cada persona expresar su individualidad, ofreciendo piezas de calidad con env\u00edos a todo Bolivia.<\/p>\n\n\n\n<h2 class=\"wp-block-heading\">Visi\u00f3n<\/h2>\n\n\n\n<p>Consolidarse como el emprendimiento de accesorios artesanales de referencia en Bolivia, reconocido por su est\u00e9tica delicada, la autenticidad de sus piezas y la experiencia de compra online cercana y confiable.<\/p>\n\n\n\n<p><\/p>\n","protected":false},"excerpt":{"rendered":"<p>Historia Howlita es un emprendimiento de joyas creado en 2023, enfocado en ofrecer piezas que combinan elegancia y estilo casual. Cada dise\u00f1o est\u00e1 pensado para adaptarse a diferentes momentos, desde el d\u00eda a d\u00eda hasta ocasiones especiales. La marca trabaja con colecciones organizadas por categor\u00edas y temporadas, lo que permite renovar constantemente su propuesta y&hellip;<\/p>\n","protected":false},"author":2,"featured_media":0,"parent":0,"menu_order":0,"comment_status":"closed","ping_status":"closed","template":"","meta":{"footnotes":""},"class_list":["post-68","page","type-page","status-publish","hentry","description-off"],"_links":{"self":[{"href":"https:\/\/unifranz.ejesrl.net\/howlita\/wp-json\/wp\/v2\/pages\/68","targetHints":{"allow":["GET"]}}],"collection":[{"href":"https:\/\/unifranz.ejesrl.net\/howlita\/wp-json\/wp\/v2\/pages"}],"about":[{"href":"https:\/\/unifranz.ejesrl.net\/howlita\/wp-json\/wp\/v2\/types\/page"}],"author":[{"embeddable":true,"href":"https:\/\/unifranz.ejesrl.net\/howlita\/wp-json\/wp\/v2\/users\/2"}],"replies":[{"embeddable":true,"href":"https:\/\/unifranz.ejesrl.net\/howlita\/wp-json\/wp\/v2\/comments?post=68"}],"version-history":[{"count":4,"href":"https:\/\/unifranz.ejesrl.net\/howlita\/wp-json\/wp\/v2\/pages\/68\/revisions"}],"predecessor-version":[{"id":154,"href":"https:\/\/unifranz.ejesrl.net\/howlita\/wp-json\/wp\/v2\/pages\/68\/revisions\/154"}],"wp:attachment":[{"href":"https:\/\/unifranz.ejesrl.net\/howlita\/wp-json\/wp\/v2\/media?parent=68"}],"curies":[{"name":"wp","href":"https:\/\/api.w.org\/{rel}","templated":true}]}}