{"id":18,"date":"2026-03-16T23:02:47","date_gmt":"2026-03-16T23:02:47","guid":{"rendered":"https:\/\/gol.mercadolacancha.com\/?page_id=18"},"modified":"2026-04-06T22:39:48","modified_gmt":"2026-04-06T22:39:48","slug":"inicio","status":"publish","type":"page","link":"https:\/\/unifranz.ejesrl.net\/gol\/","title":{"rendered":"inicio"},"content":{"rendered":"<div class=\"wpb-content-wrapper\"><p>[vc_row][vc_column][vc_single_image image=\u00bb25&#8243; img_size=\u00bbfull\u00bb alignment=\u00bbcenter\u00bb css=\u00bb\u00bb][\/vc_column][\/vc_row][vc_row][vc_column][vc_column_text css=\u00bb\u00bb]<\/p>\n<div class=\"flex flex-col text-sm\">\n<section class=\"text-token-text-primary w-full focus:outline-none [--shadow-height:45px] has-data-writing-block:pointer-events-none has-data-writing-block:-mt-(--shadow-height) has-data-writing-block:pt-(--shadow-height) [&amp;:has([data-writing-block])&gt;*]:pointer-events-auto scroll-mt-[calc(var(--header-height)+min(200px,max(70px,20svh)))]\" dir=\"auto\" data-turn-id=\"request-WEB:1fdba0d1-d1b2-4ddc-b0e1-3d03b6c4120a-4\" data-testid=\"conversation-turn-10\" data-scroll-anchor=\"true\" data-turn=\"assistant\">\n<div class=\"text-base my-auto mx-auto pb-10 [--thread-content-margin:var(--thread-content-margin-xs,calc(var(--spacing)*4))] @w-sm\/main:[--thread-content-margin:var(--thread-content-margin-sm,calc(var(--spacing)*6))] @w-lg\/main:[--thread-content-margin:var(--thread-content-margin-lg,calc(var(--spacing)*16))] px-(--thread-content-margin)\">\n<div class=\"[--thread-content-max-width:40rem] @w-lg\/main:[--thread-content-max-width:48rem] mx-auto max-w-(--thread-content-max-width) flex-1 group\/turn-messages focus-visible:outline-hidden relative flex w-full min-w-0 flex-col agent-turn\">\n<div class=\"flex max-w-full flex-col gap-4 grow\">\n<div class=\"min-h-8 text-message relative flex w-full flex-col items-end gap-2 text-start break-words whitespace-normal outline-none keyboard-focused:focus-ring [.text-message+&amp;]:mt-1\" dir=\"auto\" tabindex=\"0\" data-message-author-role=\"assistant\" data-message-id=\"aa2d6e0a-318e-40dd-91fc-e6399938bdd5\" data-message-model-slug=\"gpt-5-3\" data-turn-start-message=\"true\">\n<div class=\"flex w-full flex-col gap-1 empty:hidden\">\n<div class=\"markdown prose dark:prose-invert w-full wrap-break-word dark markdown-new-styling\">\n<p style=\"text-align: left;\" data-start=\"0\" data-end=\"338\">Somos Gool Store, una marca boliviana que cree que el estilo empieza desde los detalles. Nuestras medias no solo complementan tu outfit, sino que expresan tu personalidad, tu actitud y tu forma de moverte en el mundo. Dise\u00f1amos productos que combinan comodidad, rendimiento y dise\u00f1o para adaptarse a tu d\u00eda a d\u00eda y a tus entrenamientos.<\/p>\n<p style=\"text-align: left;\" data-start=\"340\" data-end=\"678\" data-is-last-node=\"\" data-is-only-node=\"\">Ofrecemos desde medias deportivas hasta dise\u00f1os casuales y creativos que elevan cualquier look. Nos enfocamos en brindarte calidad, buen ajuste y estilos \u00fanicos para que te sientas aut\u00e9ntico en cada paso.<\/p>\n<p style=\"text-align: left;\" data-start=\"340\" data-end=\"678\" data-is-last-node=\"\" data-is-only-node=\"\">Somos m\u00e1s que una tienda, somos una comunidad que vive el movimiento y la expresi\u00f3n personal.<\/p>\n<p data-start=\"340\" data-end=\"678\" data-is-last-node=\"\" data-is-only-node=\"\"><strong data-start=\"639\" data-end=\"678\" data-is-last-node=\"\">Gool Store \u2014 tu estilo, tus reglas.<\/strong><\/p>\n<\/div>\n<\/div>\n<\/div>\n<\/div>\n<div class=\"z-0 flex min-h-[46px] justify-start\"><\/div>\n<div class=\"mt-3 w-full empty:hidden\">\n<div class=\"text-center\"><\/div>\n<\/div>\n<\/div>\n<\/div>\n<\/section>\n<\/div>\n<div class=\"pointer-events-none h-px w-px absolute bottom-0\" aria-hidden=\"true\" data-edge=\"true\"><\/div>\n<p>[\/vc_column_text][\/vc_column][\/vc_row]<\/p>\n<\/div>","protected":false},"excerpt":{"rendered":"<p>[vc_row][vc_column][vc_single_image image=\u00bb25&#8243; img_size=\u00bbfull\u00bb alignment=\u00bbcenter\u00bb css=\u00bb\u00bb][\/vc_column][\/vc_row][vc_row][vc_column][vc_column_text css=\u00bb\u00bb] Somos Gool Store, una marca boliviana que cree que el estilo empieza desde los detalles. Nuestras medias no solo complementan tu outfit, sino que expresan tu personalidad, tu actitud y tu forma de moverte en el mundo. Dise\u00f1amos productos que combinan comodidad, rendimiento y dise\u00f1o para adaptarse a tu&hellip;<\/p>\n","protected":false},"author":1,"featured_media":0,"parent":0,"menu_order":0,"comment_status":"closed","ping_status":"closed","template":"","meta":{"footnotes":""},"class_list":["post-18","page","type-page","status-publish","hentry","description-off"],"_links":{"self":[{"href":"https:\/\/unifranz.ejesrl.net\/gol\/wp-json\/wp\/v2\/pages\/18","targetHints":{"allow":["GET"]}}],"collection":[{"href":"https:\/\/unifranz.ejesrl.net\/gol\/wp-json\/wp\/v2\/pages"}],"about":[{"href":"https:\/\/unifranz.ejesrl.net\/gol\/wp-json\/wp\/v2\/types\/page"}],"author":[{"embeddable":true,"href":"https:\/\/unifranz.ejesrl.net\/gol\/wp-json\/wp\/v2\/users\/1"}],"replies":[{"embeddable":true,"href":"https:\/\/unifranz.ejesrl.net\/gol\/wp-json\/wp\/v2\/comments?post=18"}],"version-history":[{"count":4,"href":"https:\/\/unifranz.ejesrl.net\/gol\/wp-json\/wp\/v2\/pages\/18\/revisions"}],"predecessor-version":[{"id":24,"href":"https:\/\/unifranz.ejesrl.net\/gol\/wp-json\/wp\/v2\/pages\/18\/revisions\/24"}],"wp:attachment":[{"href":"https:\/\/unifranz.ejesrl.net\/gol\/wp-json\/wp\/v2\/media?parent=18"}],"curies":[{"name":"wp","href":"https:\/\/api.w.org\/{rel}","templated":true}]}}