{"id":39,"date":"2026-03-23T20:10:16","date_gmt":"2026-03-23T20:10:16","guid":{"rendered":"https:\/\/frial.mercadolacancha.com\/?page_id=39"},"modified":"2026-03-23T21:13:09","modified_gmt":"2026-03-23T21:13:09","slug":"historia","status":"publish","type":"page","link":"https:\/\/unifranz.ejesrl.net\/frial\/sample-page__trashed\/historia\/","title":{"rendered":"SOBRE NOSOTROS"},"content":{"rendered":"<div class=\"wp-block-image\">\n<figure class=\"aligncenter size-large\"><img loading=\"lazy\" decoding=\"async\" width=\"1024\" height=\"386\" src=\"https:\/\/frial.mercadolacancha.com\/wp-content\/uploads\/2026\/03\/WhatsApp-Image-2026-03-23-at-3.37.49-PM-1024x386.jpeg\" alt=\"\" class=\"wp-image-40\" srcset=\"https:\/\/unifranz.ejesrl.net\/frial\/wp-content\/uploads\/2026\/03\/WhatsApp-Image-2026-03-23-at-3.37.49-PM-1024x386.jpeg 1024w, https:\/\/unifranz.ejesrl.net\/frial\/wp-content\/uploads\/2026\/03\/WhatsApp-Image-2026-03-23-at-3.37.49-PM-300x113.jpeg 300w, https:\/\/unifranz.ejesrl.net\/frial\/wp-content\/uploads\/2026\/03\/WhatsApp-Image-2026-03-23-at-3.37.49-PM-768x289.jpeg 768w, https:\/\/unifranz.ejesrl.net\/frial\/wp-content\/uploads\/2026\/03\/WhatsApp-Image-2026-03-23-at-3.37.49-PM.jpeg 1290w\" sizes=\"auto, (max-width: 1024px) 100vw, 1024px\" \/><\/figure>\n<\/div>\n\n\n<p class=\"has-text-align-center\">En sus inicios la empresa abri\u00f3 sus puertas en el centro de la ciudad de Cochabamba, Frial R&amp;R nace un 14 de septiembre del 2006 con la \u00fanica due\u00f1a y propietaria la se\u00f1ora Mar\u00eda Rosario Anzaldo Ayala siendo en ese entonces una empresa informal sin documentaci\u00f3n reglamentaria, al pasar de los a\u00f1os con la presi\u00f3n de las normas paso a ser una empresa unipersonal parcialmente formalizada, contando con tres empleados en su \u00fanica agencia en la calle Lanza #159 entre la calle Uruguay y calle Aroma para la comercializaci\u00f3n de venta por menor de pollo y sus derivados.<\/p>\n\n\n\n<h2 class=\"wp-block-heading has-text-align-center\">UBICACI\u00d3N <\/h2>\n\n\n<div class=\"wp-block-image\">\n<figure class=\"aligncenter size-large is-resized\"><img loading=\"lazy\" decoding=\"async\" width=\"1024\" height=\"1024\" src=\"https:\/\/frial.mercadolacancha.com\/wp-content\/uploads\/2026\/03\/1-2-1024x1024.png\" alt=\"\" class=\"wp-image-41\" style=\"width:413px;height:auto\" srcset=\"https:\/\/unifranz.ejesrl.net\/frial\/wp-content\/uploads\/2026\/03\/1-2-1024x1024.png 1024w, https:\/\/unifranz.ejesrl.net\/frial\/wp-content\/uploads\/2026\/03\/1-2-300x300.png 300w, https:\/\/unifranz.ejesrl.net\/frial\/wp-content\/uploads\/2026\/03\/1-2-150x150.png 150w, https:\/\/unifranz.ejesrl.net\/frial\/wp-content\/uploads\/2026\/03\/1-2-768x768.png 768w, https:\/\/unifranz.ejesrl.net\/frial\/wp-content\/uploads\/2026\/03\/1-2-1536x1536.png 1536w, https:\/\/unifranz.ejesrl.net\/frial\/wp-content\/uploads\/2026\/03\/1-2.png 2000w\" sizes=\"auto, (max-width: 1024px) 100vw, 1024px\" \/><\/figure>\n<\/div>\n\n<div class=\"wp-block-image\">\n<figure class=\"aligncenter size-large is-resized\"><img loading=\"lazy\" decoding=\"async\" width=\"1024\" height=\"1024\" src=\"https:\/\/frial.mercadolacancha.com\/wp-content\/uploads\/2026\/03\/2-1-1024x1024.png\" alt=\"\" class=\"wp-image-42\" style=\"width:412px;height:auto\" srcset=\"https:\/\/unifranz.ejesrl.net\/frial\/wp-content\/uploads\/2026\/03\/2-1-1024x1024.png 1024w, https:\/\/unifranz.ejesrl.net\/frial\/wp-content\/uploads\/2026\/03\/2-1-300x300.png 300w, https:\/\/unifranz.ejesrl.net\/frial\/wp-content\/uploads\/2026\/03\/2-1-150x150.png 150w, https:\/\/unifranz.ejesrl.net\/frial\/wp-content\/uploads\/2026\/03\/2-1-768x768.png 768w, https:\/\/unifranz.ejesrl.net\/frial\/wp-content\/uploads\/2026\/03\/2-1-1536x1536.png 1536w, https:\/\/unifranz.ejesrl.net\/frial\/wp-content\/uploads\/2026\/03\/2-1.png 2000w\" sizes=\"auto, (max-width: 1024px) 100vw, 1024px\" \/><\/figure>\n<\/div>\n\n<div class=\"wp-block-image\">\n<figure class=\"aligncenter size-large is-resized\"><img loading=\"lazy\" decoding=\"async\" width=\"1024\" height=\"1024\" src=\"https:\/\/frial.mercadolacancha.com\/wp-content\/uploads\/2026\/03\/3-1-1024x1024.png\" alt=\"\" class=\"wp-image-43\" style=\"width:423px;height:auto\" srcset=\"https:\/\/unifranz.ejesrl.net\/frial\/wp-content\/uploads\/2026\/03\/3-1-1024x1024.png 1024w, https:\/\/unifranz.ejesrl.net\/frial\/wp-content\/uploads\/2026\/03\/3-1-300x300.png 300w, https:\/\/unifranz.ejesrl.net\/frial\/wp-content\/uploads\/2026\/03\/3-1-150x150.png 150w, https:\/\/unifranz.ejesrl.net\/frial\/wp-content\/uploads\/2026\/03\/3-1-768x768.png 768w, https:\/\/unifranz.ejesrl.net\/frial\/wp-content\/uploads\/2026\/03\/3-1-1536x1536.png 1536w, https:\/\/unifranz.ejesrl.net\/frial\/wp-content\/uploads\/2026\/03\/3-1.png 2000w\" sizes=\"auto, (max-width: 1024px) 100vw, 1024px\" \/><\/figure>\n<\/div>","protected":false},"excerpt":{"rendered":"<p>En sus inicios la empresa abri\u00f3 sus puertas en el centro de la ciudad de Cochabamba, Frial R&amp;R nace un 14 de septiembre del 2006 con la \u00fanica due\u00f1a y propietaria la se\u00f1ora Mar\u00eda Rosario Anzaldo Ayala siendo en ese entonces una empresa informal sin documentaci\u00f3n reglamentaria, al pasar de los a\u00f1os con la presi\u00f3n&hellip;<\/p>\n","protected":false},"author":2,"featured_media":0,"parent":2,"menu_order":0,"comment_status":"closed","ping_status":"closed","template":"","meta":{"footnotes":""},"class_list":["post-39","page","type-page","status-publish","hentry","description-off"],"_links":{"self":[{"href":"https:\/\/unifranz.ejesrl.net\/frial\/wp-json\/wp\/v2\/pages\/39","targetHints":{"allow":["GET"]}}],"collection":[{"href":"https:\/\/unifranz.ejesrl.net\/frial\/wp-json\/wp\/v2\/pages"}],"about":[{"href":"https:\/\/unifranz.ejesrl.net\/frial\/wp-json\/wp\/v2\/types\/page"}],"author":[{"embeddable":true,"href":"https:\/\/unifranz.ejesrl.net\/frial\/wp-json\/wp\/v2\/users\/2"}],"replies":[{"embeddable":true,"href":"https:\/\/unifranz.ejesrl.net\/frial\/wp-json\/wp\/v2\/comments?post=39"}],"version-history":[{"count":3,"href":"https:\/\/unifranz.ejesrl.net\/frial\/wp-json\/wp\/v2\/pages\/39\/revisions"}],"predecessor-version":[{"id":51,"href":"https:\/\/unifranz.ejesrl.net\/frial\/wp-json\/wp\/v2\/pages\/39\/revisions\/51"}],"up":[{"embeddable":true,"href":"https:\/\/unifranz.ejesrl.net\/frial\/wp-json\/wp\/v2\/pages\/2"}],"wp:attachment":[{"href":"https:\/\/unifranz.ejesrl.net\/frial\/wp-json\/wp\/v2\/media?parent=39"}],"curies":[{"name":"wp","href":"https:\/\/api.w.org\/{rel}","templated":true}]}}